{"id":9691,"date":"2021-07-03T07:31:24","date_gmt":"2021-07-03T00:31:24","guid":{"rendered":"https:\/\/phongkhamdaihocypnt.edu.vn\/wp\/?page_id=9691"},"modified":"2025-11-01T11:28:52","modified_gmt":"2025-11-01T04:28:52","slug":"dang-ky-tu-van-tam-ly-online","status":"publish","type":"page","link":"https:\/\/phongkhamdaihocypnt.edu.vn\/wp\/dang-ky-tu-van-tam-ly-online\/","title":{"rendered":"\u0110\u0102NG K\u00dd T\u01af V\u1ea4N T\u00c2M L\u00dd ONLINE"},"content":{"rendered":"\n<div class=\"wpcf7 no-js\" id=\"wpcf7-f11962-o1\" lang=\"vi\" dir=\"ltr\" data-wpcf7-id=\"11962\">\n<div class=\"screen-reader-response\"><p role=\"status\" aria-live=\"polite\" aria-atomic=\"true\"><\/p> <ul><\/ul><\/div>\n<form action=\"\/wp\/wp-json\/wp\/v2\/pages\/9691#wpcf7-f11962-o1\" method=\"post\" class=\"wpcf7-form init\" aria-label=\"Form li\u00ean h\u1ec7\" novalidate=\"novalidate\" data-status=\"init\">\n<fieldset class=\"hidden-fields-container\"><input type=\"hidden\" name=\"_wpcf7\" value=\"11962\" \/><input type=\"hidden\" name=\"_wpcf7_version\" value=\"6.1.5\" \/><input type=\"hidden\" name=\"_wpcf7_locale\" value=\"vi\" \/><input type=\"hidden\" name=\"_wpcf7_unit_tag\" value=\"wpcf7-f11962-o1\" \/><input type=\"hidden\" name=\"_wpcf7_container_post\" value=\"0\" \/><input type=\"hidden\" name=\"_wpcf7_posted_data_hash\" value=\"\" \/><input type=\"hidden\" name=\"_wpcf7_recaptcha_response\" value=\"\" \/>\n<\/fieldset>\n<p><label> H\u1ecd t\u00ean *<\/label><br \/>\n<span class=\"wpcf7-form-control-wrap\" data-name=\"your-name\"><input size=\"40\" maxlength=\"400\" class=\"wpcf7-form-control wpcf7-text wpcf7-validates-as-required\" aria-required=\"true\" aria-invalid=\"false\" value=\"\" type=\"text\" name=\"your-name\" \/><\/span><br \/>\n<label> Ng\u00e0y th\u00e1ng n\u0103m sinh *<\/label><br \/>\n<span class=\"wpcf7-form-control-wrap\" data-name=\"date-902\"><input class=\"wpcf7-form-control wpcf7-date wpcf7-validates-as-required wpcf7-validates-as-date\" aria-required=\"true\" aria-invalid=\"false\" value=\"\" type=\"date\" name=\"date-902\" \/><\/span><br \/>\n<label> Gi\u1edbi t\u00ednh *<\/label><br \/>\n<span class=\"wpcf7-form-control-wrap\" data-name=\"radio-151\"><span class=\"wpcf7-form-control wpcf7-radio\"><span class=\"wpcf7-list-item first\"><label><input type=\"radio\" name=\"radio-151\" value=\"Nam\" checked=\"checked\" \/><span class=\"wpcf7-list-item-label\">Nam<\/span><\/label><\/span><span class=\"wpcf7-list-item\"><label><input type=\"radio\" name=\"radio-151\" value=\"N\u1eef\" \/><span class=\"wpcf7-list-item-label\">N\u1eef<\/span><\/label><\/span><span class=\"wpcf7-list-item last\"><label><input type=\"radio\" name=\"radio-151\" value=\"Kh\u00e1c\" \/><span class=\"wpcf7-list-item-label\">Kh\u00e1c<\/span><\/label><\/span><\/span><\/span><br \/>\n<label> \u0110\u1ecba ch\u1ec9 *<\/label><br \/>\n<span class=\"wpcf7-form-control-wrap\" data-name=\"diachi\"><input size=\"40\" maxlength=\"400\" class=\"wpcf7-form-control wpcf7-text wpcf7-validates-as-required\" aria-required=\"true\" aria-invalid=\"false\" placeholder=\"Vui l\u00f2ng nh\u1eadp th\u00f4ng tin \u0111\u1ecba ch\u1ec9 \u0111\u1ea7y \u0111\u1ee7\" value=\"\" type=\"text\" name=\"diachi\" \/><\/span><br \/>\n<label> Email *<\/label><br \/>\n<span class=\"wpcf7-form-control-wrap\" data-name=\"your-email\"><input size=\"40\" maxlength=\"400\" class=\"wpcf7-form-control wpcf7-email wpcf7-validates-as-required wpcf7-text wpcf7-validates-as-email\" aria-required=\"true\" aria-invalid=\"false\" value=\"\" type=\"email\" name=\"your-email\" \/><\/span><br \/>\n<label>S\u1ed1 \u0111i\u1ec7n tho\u1ea1i *<\/label><br \/>\n<span class=\"wpcf7-form-control-wrap\" data-name=\"Sinthoilinlc\"><input size=\"40\" maxlength=\"400\" class=\"wpcf7-form-control wpcf7-tel wpcf7-validates-as-required wpcf7-text wpcf7-validates-as-tel\" aria-required=\"true\" aria-invalid=\"false\" value=\"\" type=\"tel\" name=\"Sinthoilinlc\" \/><\/span><br \/>\n<label>Ng\u00e0y \u0111\u0103ng k\u00fd t\u01b0 v\u1ea5n t\u1eeb xa *<\/label><br \/>\n<span class=\"wpcf7-form-control-wrap\" data-name=\"date-801\"><input class=\"wpcf7-form-control wpcf7-date wpcf7-validates-as-required wpcf7-validates-as-date\" aria-required=\"true\" aria-invalid=\"false\" value=\"\" type=\"date\" name=\"date-801\" \/><\/span><br \/>\n<label>Ch\u1ecdn khung gi\u1edd t\u01b0 v\u1ea5n t\u00e2m l\u00fd t\u1eeb xa * (Online)<\/label><br \/>\n<span class=\"wpcf7-form-control-wrap\" data-name=\"menu-281\"><select class=\"wpcf7-form-control wpcf7-select wpcf7-validates-as-required\" aria-required=\"true\" aria-invalid=\"false\" name=\"menu-281\"><option value=\"8h00 - 8h45\">8h00 - 8h45<\/option><option value=\"8h45 - 9h30\">8h45 - 9h30<\/option><option value=\"9h30 - 10h15\">9h30 - 10h15<\/option><option value=\"10h15 - 11h00\">10h15 - 11h00<\/option><option value=\"14h00 - 14h45\">14h00 - 14h45<\/option><option value=\"14h45 - 15h30\">14h45 - 15h30<\/option><option value=\"15h30 - 16h15\">15h30 - 16h15<\/option><\/select><\/span>\n<\/p>\n<p><b> **Kh\u00e1ch h\u00e0ng xin vui l\u00f2ng xem l\u1ecbch kh\u00e1m t\u01b0 v\u1ea5n t\u00e2m l\u00fd tr\u01b0\u1edbc khi \u0111\u0103ng k\u00fd <\/b><a href=\"https:\/\/docs.google.com\/spreadsheets\/d\/e\/2PACX-1vQriDGcF0ugGJw2wSNMPPf0Af_TWfflmmRQSxurX0j8ZaC54zrhWK8_e8tXxXpSmzX8ZCjMezJJtP_i\/pubhtml?gid=428171625&single=true\">t\u1ea1i \u0111\u00e2y<\/a><br \/>\n<b> V\u1edbi c\u00e1c tr\u01b0\u1eddng h\u1ee3p \u0111\u0103ng k\u00fd t\u01b0 v\u1ea5n ngo\u00e0i gi\u1edd l\u00e0m vi\u1ec7c c\u1ee7a ph\u00f2ng kh\u00e1m, b\u1ed9 ph\u1eadn ti\u1ebfp nh\u1eadn s\u1ebd li\u00ean h\u1ec7 \u0111\u1ec3 h\u1eb9n l\u1ecbch t\u01b0 v\u1ea5n theo gi\u1edd l\u1ecbch l\u00e0m vi\u1ec7c c\u1ee7a ph\u00f2ng kh\u00e1m.<br \/>\n<label> Th\u00f4ng tin v\u1ec1 t\u00e2m l\u00fd hi\u1ec7n m\u1eafc ph\u1ea3i c\u1ea7n t\u01b0 v\u1ea5n<\/label><br \/>\n<span class=\"wpcf7-form-control-wrap\" data-name=\"your-message\"><textarea cols=\"40\" rows=\"10\" maxlength=\"2000\" class=\"wpcf7-form-control wpcf7-textarea\" aria-invalid=\"false\" name=\"your-message\"><\/textarea><\/span><br \/>\n<label>N\u1ebfu l\u00e0 b\u1ec7nh nh\u00e2n c\u0169 c\u1ee7a Ph\u00f2ng kh\u00e1m. Vui l\u00f2ng cung c\u1ea5p s\u1ed1 h\u1ed3 s\u01a1 (\u0111\u01b0\u1ee3c ghi ngo\u00e0i b\u00eca s\u1ed5 kh\u00e1m b\u1ec7nh) ho\u1eb7c c\u00f3 y\u00eau c\u1ea7u c\u1ee5 th\u1ec3 t\u00ean chuy\u00ean gia t\u00e2m l\u00fd \u0111\u00e3 t\u1eebng t\u01b0 v\u1ea5n<\/label><br \/>\n<span class=\"wpcf7-form-control-wrap\" data-name=\"shs\"><input size=\"40\" maxlength=\"400\" class=\"wpcf7-form-control wpcf7-text\" aria-invalid=\"false\" value=\"\" type=\"text\" name=\"shs\" \/><\/span><br \/>\n<i>Th\u1eddi gian \u0111\u0103ng k\u00fd t\u01b0 v\u1ea5n online v\u00e0 tr\u1ea3 ph\u00ed online n\u00ean tr\u01b0\u1edbc 1 ng\u00e0y so v\u1edbi th\u1eddi \u0111i\u1ec3m \u0111\u0103ng k\u00fd Form \u0111\u1ec3 b\u1ed9 ph\u1eadn ti\u1ebfp nh\u1eadn c\u00f3 th\u1ec3 th\u1ef1c hi\u1ec7n t\u1ed1t c\u00f4ng t\u00e1c chu\u1ea9n b\u1ecb v\u00e0 l\u00ean l\u1ecbch h\u1eb9n chi ti\u1ebft v\u1edbi CHUY\u00caN GIA T\u00c2M L\u00dd. B\u1ea1n s\u1ebd nh\u1eadn \u0111\u01b0\u1ee3c email x\u00e1c nh\u1eadn bu\u1ed5i h\u1eb9n T\u01af V\u1ea4N T\u1eea XA k\u00e8m link li\u00ean l\u1ea1c v\u1edbi Chuy\u00ean gia.<\/i><br \/>\n<\/b><b>PH\u00cd T\u01af V\u1ea4N T\u00c2M L\u00dd T\u1eea XA (ONLINE): 300.000\u0111 (Ba tr\u0103m ngh\u00ecn \u0111\u1ed3ng). M\u1ed9t phi\u00ean t\u01b0 v\u1ea5n: 40 ph\u00fat.<\/b>\n<\/p>\n<p><input class=\"wpcf7-form-control wpcf7-submit has-spinner\" type=\"submit\" value=\"G\u1eedi\" \/>\n<\/p><input type=\"hidden\" id=\"ct_checkjs_cf7_7eabe3a1649ffa2b3ff8c02ebfd5659f\" name=\"ct_checkjs_cf7\" value=\"0\" \/><script >setTimeout(function(){var ct_input_name = \"ct_checkjs_cf7_7eabe3a1649ffa2b3ff8c02ebfd5659f\";if (document.getElementById(ct_input_name) !== null) {var ct_input_value = document.getElementById(ct_input_name).value;document.getElementById(ct_input_name).value = document.getElementById(ct_input_name).value.replace(ct_input_value, '267867012');}}, 1000);<\/script><input\n                    class=\"apbct_special_field apbct_email_id__wp_contact_form_7\"\n                    name=\"apbct__email_id__wp_contact_form_7\"\n                    aria-label=\"apbct__label_id__wp_contact_form_7\"\n                    type=\"text\" size=\"30\" maxlength=\"200\" autocomplete=\"off\"\n                    value=\"\"\n                \/><div class=\"wpcf7-response-output\" aria-hidden=\"true\"><\/div>\n<\/form>\n<\/div>\n\n<p>&#8216;<\/p>\n<p><a href=\"https:\/\/phongkhamdaihocypnt.edu.vn\/wp\/team\/ths-tran-thi-tam-nhan\/#\/\"><img fetchpriority=\"high\" decoding=\"async\" src=\"https:\/\/phongkhamdaihocypnt.edu.vn\/wp\/wp-content\/uploads\/2021\/05\/Tran-Thi-Tam-Nhan-e1621477068514.jpg\" alt=\"\" width=\"320\" height=\"320\" \/><\/a><\/p>\n<h4 style=\"text-align: center;\"><strong>THS. TR\u1ea6N TH\u1eca T\u00c2M NH\u00c0N<\/strong><\/h4>\n<h5 style=\"text-align: center;\"><strong>Chuy\u00ean ng\u00e0nh:<\/strong>\u00a0T\u00e2m l\u00fd<\/h5>\n<h5 style=\"text-align: center;\"><strong>\u00a0Tr\u01b0\u1edfng \u0111\u01a1n v\u1ecb T\u00e2m l\u00fd<em>\u00a0<\/em><\/strong>t\u1ea1i Ph\u00f2ng kh\u00e1m \u0110a khoa Tr\u01b0\u1eddng \u0110H Y khoa Ph\u1ea1m Ng\u1ecdc Th\u1ea1ch<\/h5>\n<p><strong>\u00a0<\/strong><\/p>\n<p><strong>H\u01a1n 14 n\u0103m kinh nghi\u1ec7m trong chuy\u00ean khoa T\u00e2m l\u00fd<\/strong><\/p>\n<h6><strong>\u00a0Chuy\u00ean kh\u00e1m, \u0111i\u1ec1u tr\u1ecb, t\u01b0 v\u00e2\u0301n c\u00e1c v\u1ea5n \u0111\u1ec1:<\/strong><\/h6>\n<ul>\n<li>R\u1ed1i lo\u1ea1n c\u00e1c m\u1ed1i quan h\u1ec7 (cha m\u1eb9 \u2013 con, b\u1ea1n b\u00e8, \u0111\u1ed3ng nghi\u1ec7p\u2026)<\/li>\n<li>R\u1ed1i lo\u1ea1n lo \u00e2u, tr\u1ea7m c\u1ea3m, c\u00e1c r\u1ed1i lo\u1ea1n \u00e1m \u1ea3nh \u1edf ng\u01b0\u1eddi tr\u01b0\u1edfng th\u00e0nh<\/li>\n<\/ul>\n<h6><strong>\u00a0Qu\u00e1 tr\u00ecnh c\u00f4ng t\u00e1c:<\/strong><\/h6>\n<ul>\n<li>B\u1ec7nh vi\u1ec7n T\u00e2m th\u1ea7n th\u00e0nh ph\u1ed1 H\u1ed3 Ch\u00ed Minh (1998 \u2013 2008)<\/li>\n<li>B\u1ec7nh vi\u1ec7n \u0110\u1ea1i h\u1ecdc Y d\u01b0\u1ee3c th\u00e0nh ph\u1ed1 H\u1ed3 Ch\u00ed Minh (2017 \u2013 nay)<\/li>\n<\/ul>\n<h6><strong>\u00a0Qu\u00e1 tr\u00ecnh \u0111\u00e0o t\u1ea1o:<\/strong><\/h6>\n<ul>\n<li>N\u0103m 1989 \u2013 1994: Tr\u01b0\u1eddng \u0110\u1ea1i h\u1ecdc S\u01b0 ph\u1ea1m th\u00e0nh ph\u1ed1 H\u1ed3 Ch\u00ed Minh, T\u00e2m l\u00fd gi\u00e1o d\u1ee5c<\/li>\n<li>N\u0103m 2004 \u2013 2006: Tr\u01b0\u1eddng T\u00e2m l\u00fd th\u1ef1c h\u00e0nh Paris &amp; Tr\u01b0\u1eddng \u0110\u1ea1i h\u1ecdc Y khoa Ph\u1ea1m Ng\u1ecdc Th\u1ea1ch, T\u00e2m l\u00fd l\u00e2m s\u00e0n.<\/li>\n<li>N\u0103m 2004 \u2013 2006: Tr\u01b0\u1eddng \u0110\u1ea1i h\u1ecdc Catholique Louvain, Tr\u1ecb li\u1ec7u t\u00e2m l\u00fd h\u1ec7 th\u1ed1ng<\/li>\n<li>N\u0103m 2012 \u2013 2014: Tr\u01b0\u1eddng T\u00e2m l\u00fd th\u1ef1c h\u00e0nh Paris &amp; tr\u01b0\u1eddng \u0110\u1ea1i h\u1ecdc y khoa Ph\u1ea1m Ng\u1ecdc Th\u1ea1ch, T\u00e2m l\u00fd l\u00e2m s\u00e0ng v\u00e0 t\u00e2m l\u00fd y khoa.<\/li>\n<\/ul>\n","protected":false},"excerpt":{"rendered":"<p>&#8216; THS. TR\u1ea6N TH\u1eca T\u00c2M NH\u00c0N Chuy\u00ean ng\u00e0nh:\u00a0T\u00e2m l\u00fd \u00a0Tr\u01b0\u1edfng \u0111\u01a1n v\u1ecb T\u00e2m l\u00fd\u00a0t\u1ea1i Ph\u00f2ng kh\u00e1m \u0110a khoa Tr\u01b0\u1eddng \u0110H Y khoa Ph\u1ea1m Ng\u1ecdc Th\u1ea1ch \u00a0 H\u01a1n 14 n\u0103m kinh nghi\u1ec7m trong chuy\u00ean khoa T\u00e2m l\u00fd \u00a0Chuy\u00ean kh\u00e1m, \u0111i\u1ec1u tr\u1ecb, t\u01b0 v\u00e2\u0301n c\u00e1c v\u1ea5n \u0111\u1ec1: R\u1ed1i lo\u1ea1n c\u00e1c m\u1ed1i quan h\u1ec7 (cha m\u1eb9 \u2013 con, [&hellip;]<\/p>\n","protected":false},"author":1,"featured_media":0,"parent":0,"menu_order":0,"comment_status":"closed","ping_status":"closed","template":"","meta":{"_acf_changed":false,"footnotes":""},"class_list":["post-9691","page","type-page","status-publish","hentry"],"acf":[],"_links":{"self":[{"href":"https:\/\/phongkhamdaihocypnt.edu.vn\/wp\/wp-json\/wp\/v2\/pages\/9691","targetHints":{"allow":["GET"]}}],"collection":[{"href":"https:\/\/phongkhamdaihocypnt.edu.vn\/wp\/wp-json\/wp\/v2\/pages"}],"about":[{"href":"https:\/\/phongkhamdaihocypnt.edu.vn\/wp\/wp-json\/wp\/v2\/types\/page"}],"author":[{"embeddable":true,"href":"https:\/\/phongkhamdaihocypnt.edu.vn\/wp\/wp-json\/wp\/v2\/users\/1"}],"replies":[{"embeddable":true,"href":"https:\/\/phongkhamdaihocypnt.edu.vn\/wp\/wp-json\/wp\/v2\/comments?post=9691"}],"version-history":[{"count":77,"href":"https:\/\/phongkhamdaihocypnt.edu.vn\/wp\/wp-json\/wp\/v2\/pages\/9691\/revisions"}],"predecessor-version":[{"id":17939,"href":"https:\/\/phongkhamdaihocypnt.edu.vn\/wp\/wp-json\/wp\/v2\/pages\/9691\/revisions\/17939"}],"wp:attachment":[{"href":"https:\/\/phongkhamdaihocypnt.edu.vn\/wp\/wp-json\/wp\/v2\/media?parent=9691"}],"curies":[{"name":"wp","href":"https:\/\/api.w.org\/{rel}","templated":true}]}}