{"id":9480,"date":"2021-06-08T10:27:47","date_gmt":"2021-06-08T03:27:47","guid":{"rendered":"https:\/\/phongkhamdaihocypnt.edu.vn\/wp\/?page_id=9480"},"modified":"2021-06-08T14:20:16","modified_gmt":"2021-06-08T07:20:16","slug":"phuc-hoi-chuc-nang","status":"publish","type":"page","link":"https:\/\/phongkhamdaihocypnt.edu.vn\/wp\/phuc-hoi-chuc-nang\/","title":{"rendered":"Ph\u1ee5c h\u1ed3i Ch\u1ee9c n\u0103ng"},"content":{"rendered":"\t\t<div data-elementor-type=\"wp-page\" data-elementor-id=\"9480\" class=\"elementor elementor-9480\">\n\t\t\t\t\t\t<section class=\"elementor-section elementor-top-section elementor-element elementor-element-694321f8 elementor-section-boxed elementor-section-height-default elementor-section-height-default\" data-id=\"694321f8\" data-element_type=\"section\" data-e-type=\"section\">\n\t\t\t\t\t\t<div class=\"elementor-container elementor-column-gap-default\">\n\t\t\t\t\t<div class=\"elementor-column elementor-col-100 elementor-top-column elementor-element elementor-element-7ab99f73\" data-id=\"7ab99f73\" data-element_type=\"column\" data-e-type=\"column\">\n\t\t\t<div class=\"elementor-widget-wrap elementor-element-populated\">\n\t\t\t\t\t\t<div class=\"elementor-element elementor-element-99ba6d3 elementor-widget elementor-widget-heading\" data-id=\"99ba6d3\" data-element_type=\"widget\" data-e-type=\"widget\" data-widget_type=\"heading.default\">\n\t\t\t\t<div class=\"elementor-widget-container\">\n\t\t\t\t\t<h3 class=\"elementor-heading-title elementor-size-default\">Ph\u1ee5c h\u1ed3i Ch\u1ee9c n\u0103ng<\/h3>\t\t\t\t<\/div>\n\t\t\t\t<\/div>\n\t\t\t\t<div class=\"elementor-element elementor-element-475ce6d4 elementor-widget elementor-widget-text-editor\" data-id=\"475ce6d4\" data-element_type=\"widget\" data-e-type=\"widget\" data-widget_type=\"text-editor.default\">\n\t\t\t\t<div class=\"elementor-widget-container\">\n\t\t\t\t\t\t\t\t\t<p>Khoa Ph\u1ee5c H\u1ed3i Ch\u1ee9c N\u0103ng (PHCN) thu\u1ed9c ph\u00f2ng kh\u00e1m \u0110a Khoa Ph\u1ea1m Ng\u1ecdc Th\u1ea1ch ch\u00ednh th\u1ee9c \u0111i v\u00e0o ho\u1ea1t \u0111\u1ed9ng th\u00e1ng 06\/2021. Gi\u1ea5y ph\u00e9p SYT c\u1ea5p ng\u00e0y 7\/5\/2021 s\u1ed1 2429\/SYT-QLDVYT.<\/p><p><img fetchpriority=\"high\" decoding=\"async\" width=\"1125\" height=\"249\" class=\"wp-image-9481\" src=\"https:\/\/phongkhamdaihocypnt.edu.vn\/wp\/wp-content\/uploads\/2021\/06\/no-description-available-.jpeg\" alt=\"No description available.\" srcset=\"https:\/\/phongkhamdaihocypnt.edu.vn\/wp\/wp-content\/uploads\/2021\/06\/no-description-available-.jpeg 1125w, https:\/\/phongkhamdaihocypnt.edu.vn\/wp\/wp-content\/uploads\/2021\/06\/no-description-available--300x66.jpeg 300w, https:\/\/phongkhamdaihocypnt.edu.vn\/wp\/wp-content\/uploads\/2021\/06\/no-description-available--1024x227.jpeg 1024w, https:\/\/phongkhamdaihocypnt.edu.vn\/wp\/wp-content\/uploads\/2021\/06\/no-description-available--768x170.jpeg 768w, https:\/\/phongkhamdaihocypnt.edu.vn\/wp\/wp-content\/uploads\/2021\/06\/no-description-available--600x133.jpeg 600w\" sizes=\"(max-width: 706px) 89vw, (max-width: 767px) 82vw, 740px\" \/><\/p><p><em><strong>H\u00ecnh 1<\/strong>: Ph\u00f2ng Ph\u1ee5c h\u1ed3i Ch\u1ee9c N\u0103ng<\/em><\/p><p>V\u1edbi mong mu\u1ed1n mang l\u1ea1i cho kh\u00e1ch h\u00e0ng nh\u1eefng d\u1ecbch v\u1ee5 kh\u00e1m ch\u1eefa b\u1ec7nh ch\u1ea5t l\u01b0\u1ee3ng cao c\u00f9ng k\u1ef9 thu\u1eadt, ph\u01b0\u01a1ng ph\u00e1p, ph\u00e1c \u0111\u1ed3 hi\u1ec7n \u0111\u1ea1i c\u1eadp nh\u1eadt li\u00ean t\u1ee5c ph\u00f9 h\u1ee3p v\u1edbi xu h\u01b0\u1edbng qu\u1ed1c t\u1ebf,<strong> Khoa Ph\u1ee5c H\u1ed3i Ch\u1ee9c N\u0103ng thu\u1ed9c ph\u00f2ng kh\u00e1m \u0111\u1ea1i h\u1ecdc Y khoa Ph\u1ea1m Ng\u1ecdc Th\u1ea1ch<\/strong> \u0111\u00e3 x\u00e2y d\u1ef1ng m\u1ed9t \u0111\u1ed9i ng\u0169 g\u1ed3m c\u00e1c Y B\u00e1c s\u0129 Ph\u1ee5c H\u1ed3i Ch\u1ee9c N\u0103ng, c\u00e1c chuy\u00ean gia V\u1eadt l\u00ed tr\u1ecb li\u1ec7u, kinh nghi\u1ec7m l\u00e2m s\u00e0ng l\u00e2u n\u0103m, \u0111\u01b0\u1ee3c t\u1eadp hu\u1ea5n \u0111\u00e0o t\u1ea1o t\u1eeb c\u00e1c n\u01b0\u1edbc Th\u00e1i Lan, Ph\u00e1p, B\u1ec9,.v.v ngay t\u1eeb nh\u1eefng ng\u00e0y \u0111\u1ea7u th\u00e0nh l\u1eadp. Khoa \u0111\u01b0\u1ee3c thi\u1ebft k\u1ebf m\u00f4i tr\u01b0\u1eddng t\u1eadp luy\u1ec7n r\u1ed9ng r\u00e3i, tho\u00e1ng m\u00e1t, ph\u00f9 h\u1ee3p cho v\u1eadn \u0111\u1ed9ng, t\u1eadp luy\u1ec7n, h\u1ed3i ph\u1ee5c s\u1ee9c kh\u1ecfe,v\u00e0 n\u00e2ng cao ch\u1ea5t l\u01b0\u1ee3ng s\u1ed1ng cho b\u1ec7nh nh\u00e2n\/ kh\u00e1ch h\u00e0ng, \u0111\u1ea3m b\u1ea3o ti\u00eau ch\u00ed<strong> <em>hi\u1ec7u qu\u1ea3, an to\u00e0n, kh\u00f4ng x\u00e2m l\u1ea5n, kh\u00f4ng t\u00e1c d\u1ee5ng ph\u1ee5<\/em>.<\/strong><\/p><p><strong><img decoding=\"async\" width=\"2048\" height=\"1366\" class=\"wp-image-9482\" src=\"https:\/\/phongkhamdaihocypnt.edu.vn\/wp\/wp-content\/uploads\/2021\/06\/c-users-dao-thi-hiep-documents-vltl-truong-y-pnt-.jpeg\" alt=\"C:\\Users\\Dao Thi Hiep\\Documents\\VLTL tr\u01b0\u1eddng Y PNT\\h\u00ecnh website\\h\u00ecnh 4 ng\u01b0\u01a1i.jpg\" srcset=\"https:\/\/phongkhamdaihocypnt.edu.vn\/wp\/wp-content\/uploads\/2021\/06\/c-users-dao-thi-hiep-documents-vltl-truong-y-pnt-.jpeg 2048w, https:\/\/phongkhamdaihocypnt.edu.vn\/wp\/wp-content\/uploads\/2021\/06\/c-users-dao-thi-hiep-documents-vltl-truong-y-pnt--300x200.jpeg 300w, https:\/\/phongkhamdaihocypnt.edu.vn\/wp\/wp-content\/uploads\/2021\/06\/c-users-dao-thi-hiep-documents-vltl-truong-y-pnt--1024x683.jpeg 1024w, https:\/\/phongkhamdaihocypnt.edu.vn\/wp\/wp-content\/uploads\/2021\/06\/c-users-dao-thi-hiep-documents-vltl-truong-y-pnt--768x512.jpeg 768w, https:\/\/phongkhamdaihocypnt.edu.vn\/wp\/wp-content\/uploads\/2021\/06\/c-users-dao-thi-hiep-documents-vltl-truong-y-pnt--1536x1025.jpeg 1536w, https:\/\/phongkhamdaihocypnt.edu.vn\/wp\/wp-content\/uploads\/2021\/06\/c-users-dao-thi-hiep-documents-vltl-truong-y-pnt--600x400.jpeg 600w\" sizes=\"(max-width: 706px) 89vw, (max-width: 767px) 82vw, 740px\" \/><\/strong><\/p><p><em><strong>H\u00ecnh 2<\/strong>: Chuy\u00ean Gia V\u1eadt L\u00ed Tr\u1ecb Li\u1ec7u<\/em><\/p><p>Khoa Ph\u1ee5c h\u1ed3i ch\u1ee9c n\u0103ng chuy\u00ean s\u1eed d\u1ee5ng c\u00e1c t\u00e1c nh\u00e2n v\u1eadt l\u00ed nh\u01b0 s\u00f3ng xung k\u00edch, si\u00eau \u00e2m, k\u00e9o c\u1ed9t s\u1ed1ng, s\u00e1p, h\u1ed3ng ngo\u1ea1i, laser&#8230; \u0111\u1ec3 l\u00e0m gi\u1ea3m nh\u1eb9 c\u00e1c c\u01a1n \u0111au, nh\u1ee9c, m\u1ecfi m\u1ec7t do g\u00e1nh n\u1eb7ng tu\u1ed5i t\u00e1c, g\u00e1nh n\u1eb7ng m\u01b0u sinh, c\u0103ng th\u1eb3ng v\u00ec \u00e1p l\u1ef1c c\u00f4ng vi\u1ec7c&#8230; \u0110\u1eb7c bi\u1ec7t, ch\u01b0\u01a1ng tr\u00ecnh t\u1eadp luy\u1ec7n ti\u1ebfp c\u1eadn v\u1edbi th\u1ef1c h\u00e0nh l\u00e2m s\u00e0ng d\u1ef1a tr\u00ean b\u1eb1ng ch\u1ee9ng (EBP), \u0111\u00e1p \u1ee9ng v\u1edbi t\u1eebng \u0111i\u1ec1u ki\u1ec7n, b\u1ec7nh l\u00ed, ho\u00e0n c\u1ea3nh, v\u00e0 quan tr\u1ecdng l\u00e0 mong mu\u1ed1n c\u1ee7a kh\u00e1ch h\u00e0ng\/ b\u1ec7nh nh\u00e2n trong c\u00e1c h\u1ed9i ch\u1ee9ng vai g\u00e1y, \u0111au l\u01b0ng, th\u1ea7n kinh t\u1ecda, tho\u00e1t v\u1ecb \u0111\u0129a \u0111\u1ec7m c\u1ed5, l\u01b0ng, ch\u1ea5n th\u01b0\u01a1ng c\u01a1, kh\u1edbp&#8230;, c\u00e1c h\u1ea1n ch\u1ebf v\u1eadn \u0111\u1ed9ng, ch\u1ee9c n\u0103ng sinh ho\u1ea1t: c\u1ee9ng kh\u1edbp, teo c\u01a1 do di ch\u1ee9ng y\u1ebfu, li\u1ec7t sau tai bi\u1ebfn m\u1ea1ch m\u00e1u n\u00e3o, ch\u1ea5n th\u01b0\u01a1ng c\u1ed9t s\u1ed1ng, ph\u1eabu thu\u1eadt, t\u00e1i t\u1ea1o d\u00e2y ch\u1eb1ng nh\u01b0 c\u1ee9ng kh\u1edbp, teo c\u01a1, co c\u1ee9ng c\u01a1&#8230;<\/p><p><em><img decoding=\"async\" width=\"1920\" height=\"1281\" class=\"wp-image-9483\" src=\"https:\/\/phongkhamdaihocypnt.edu.vn\/wp\/wp-content\/uploads\/2021\/06\/word-image.jpg\" srcset=\"https:\/\/phongkhamdaihocypnt.edu.vn\/wp\/wp-content\/uploads\/2021\/06\/word-image.jpg 1920w, https:\/\/phongkhamdaihocypnt.edu.vn\/wp\/wp-content\/uploads\/2021\/06\/word-image-300x200.jpg 300w, https:\/\/phongkhamdaihocypnt.edu.vn\/wp\/wp-content\/uploads\/2021\/06\/word-image-1024x683.jpg 1024w, https:\/\/phongkhamdaihocypnt.edu.vn\/wp\/wp-content\/uploads\/2021\/06\/word-image-768x512.jpg 768w, https:\/\/phongkhamdaihocypnt.edu.vn\/wp\/wp-content\/uploads\/2021\/06\/word-image-1536x1025.jpg 1536w, https:\/\/phongkhamdaihocypnt.edu.vn\/wp\/wp-content\/uploads\/2021\/06\/word-image-600x400.jpg 600w\" sizes=\"(max-width: 706px) 89vw, (max-width: 767px) 82vw, 740px\" \/><\/em><\/p><p><em><strong>H\u00ecnh 3 <\/strong>\u0110i\u1ec7n Tr\u1ecb Li\u1ec7u<\/em><\/p><p><strong>Ch\u01b0\u01a1ng tr\u00ecnh t\u1eadp \u0111\u01b0\u1ee3c thi\u1ebft k\u1ebf ri\u00eang bi\u1ec7t cho m\u1ed7i b\u1ec7nh nh\u00e2n:<\/strong><\/p><p><strong><em>1. V\u1edbi ng\u01b0\u1eddi l\u1edbn tu\u1ed5i<\/em><\/strong>, kh\u00f4ng ch\u1ec9 gi\u00fap gi\u1ea3m \u0111au m\u00e0 c\u00f2n gi\u00fap ng\u0103n ng\u1eeba bi\u1ebfn ch\u1ee9ng g\u00e2y ra do b\u1ec7nh l\u00ed tho\u00e1i h\u00f3a g\u1ed1i, h\u00e1ng, ho\u1eb7c vai&#8230; l\u00e0m \u0111au nh\u1ee9c k\u00e9o d\u00e0i, l\u1ec7ch g\u1ed1i, cong ch\u00e2n, c\u1ee9ng kh\u1edbp, h\u1ea1n ch\u1ebf ho\u1ea1t \u0111\u1ed9ng sinh ho\u1ea1t h\u00e0ng ng\u00e0y nh\u01b0 kh\u00f4ng th\u1ec3 ng\u1ed3i ch\u1ed3m h\u1ed5m, l\u00ean thang l\u1ea7u, \u0111i v\u1ec7 sinh&#8230;<\/p><p><img loading=\"lazy\" decoding=\"async\" width=\"437\" height=\"291\" class=\"wp-image-9484\" src=\"https:\/\/phongkhamdaihocypnt.edu.vn\/wp\/wp-content\/uploads\/2021\/06\/word-image-7.jpeg\" srcset=\"https:\/\/phongkhamdaihocypnt.edu.vn\/wp\/wp-content\/uploads\/2021\/06\/word-image-7.jpeg 437w, https:\/\/phongkhamdaihocypnt.edu.vn\/wp\/wp-content\/uploads\/2021\/06\/word-image-7-300x200.jpeg 300w\" sizes=\"(max-width: 437px) 100vw, 437px\" \/><\/p><p><img loading=\"lazy\" decoding=\"async\" width=\"418\" height=\"279\" class=\"wp-image-9485\" src=\"https:\/\/phongkhamdaihocypnt.edu.vn\/wp\/wp-content\/uploads\/2021\/06\/c-users-dao-thi-hiep-downloads-190456663_76685155.jpg\" alt=\"C:\\Users\\Dao Thi Hiep\\Downloads\\190456663_766851557347721_8629832754735843379_n.jpg\" srcset=\"https:\/\/phongkhamdaihocypnt.edu.vn\/wp\/wp-content\/uploads\/2021\/06\/c-users-dao-thi-hiep-downloads-190456663_76685155.jpg 418w, https:\/\/phongkhamdaihocypnt.edu.vn\/wp\/wp-content\/uploads\/2021\/06\/c-users-dao-thi-hiep-downloads-190456663_76685155-300x200.jpg 300w\" sizes=\"(max-width: 418px) 100vw, 418px\" \/><\/p><p><img loading=\"lazy\" decoding=\"async\" width=\"442\" height=\"294\" class=\"wp-image-9486\" src=\"https:\/\/phongkhamdaihocypnt.edu.vn\/wp\/wp-content\/uploads\/2021\/06\/c-users-dao-thi-hiep-downloads-189646183_27668179.jpeg\" alt=\"C:\\Users\\Dao Thi Hiep\\Downloads\\189646183_276681797535605_7452198143974576695_n.jpg\" srcset=\"https:\/\/phongkhamdaihocypnt.edu.vn\/wp\/wp-content\/uploads\/2021\/06\/c-users-dao-thi-hiep-downloads-189646183_27668179.jpeg 442w, https:\/\/phongkhamdaihocypnt.edu.vn\/wp\/wp-content\/uploads\/2021\/06\/c-users-dao-thi-hiep-downloads-189646183_27668179-300x200.jpeg 300w\" sizes=\"(max-width: 442px) 100vw, 442px\" \/><\/p><p><em><strong>H\u00ecnh 4<\/strong> V\u1eadn \u0111\u1ed9ng tr\u1ecb li\u1ec7u<\/em><\/p><p><strong><em>2. V\u1edbi b\u1ec7nh nh\u00e2n kh\u00f3 kh\u0103n v\u1eadn \u0111\u1ed9ng, di chuy\u1ec3n do h\u1eadu qu\u1ea3 c\u1ee7a tai bi\u1ebfn m\u1ea1ch m\u00e1u n\u00e3o, b\u1ea1i n\u00e3o, ch\u1ea5n th\u01b0\u01a1ng c\u1ed9t s\u1ed1ng, ch\u1ea5n th\u01b0\u01a1ng n\u00e3o, vi\u00eam n\u00e3o, u n\u00e3o&#8230;<\/em><\/strong> s\u1ebd \u0111\u01b0\u1ee3c thi\u1ebft k\u1ebf v\u00e0 h\u01b0\u1edbng d\u1eabn chi\u1ebfn thu\u1eadt t\u1ef1 luy\u1ec7n t\u1ea1i nh\u00e0, gi\u00fap gi\u1ea3m chi ph\u00ed v\u1eadn chuy\u1ec3n v\u00e0 chi ph\u00ed ng\u01b0\u1eddi h\u1ed7 tr\u1ee3 t\u1eadp luy\u1ec7n, gi\u1ea3m b\u1edbt \u00e2u lo, g\u00e1nh n\u1eb7ng c\u1ee7a b\u1ec7nh t\u1eadt, v\u00e0 c\u01a1 h\u1ed9i h\u00f2a nh\u1eadp c\u1ed9ng \u0111\u1ed3ng, v\u00e0 n\u00e2ng cao ch\u1ea5t l\u01b0\u1ee3ng s\u1ed1ng.<\/p><p><img loading=\"lazy\" decoding=\"async\" width=\"348\" height=\"531\" class=\"wp-image-9487\" src=\"https:\/\/phongkhamdaihocypnt.edu.vn\/wp\/wp-content\/uploads\/2021\/06\/c-users-dao-thi-hiep-appdata-local-microsoft-wind.jpeg\" alt=\"C:\\Users\\Dao Thi Hiep\\AppData\\Local\\Microsoft\\Windows\\INetCache\\Content.Word\\191144654_151175893654101_5576059036420070979_n.jpg\" srcset=\"https:\/\/phongkhamdaihocypnt.edu.vn\/wp\/wp-content\/uploads\/2021\/06\/c-users-dao-thi-hiep-appdata-local-microsoft-wind.jpeg 348w, https:\/\/phongkhamdaihocypnt.edu.vn\/wp\/wp-content\/uploads\/2021\/06\/c-users-dao-thi-hiep-appdata-local-microsoft-wind-197x300.jpeg 197w\" sizes=\"(max-width: 348px) 100vw, 348px\" \/><\/p><p><img loading=\"lazy\" decoding=\"async\" width=\"218\" height=\"274\" class=\"wp-image-9488\" src=\"https:\/\/phongkhamdaihocypnt.edu.vn\/wp\/wp-content\/uploads\/2021\/06\/word-image.png\" \/><\/p><p><img loading=\"lazy\" decoding=\"async\" width=\"392\" height=\"524\" class=\"wp-image-9489\" src=\"https:\/\/phongkhamdaihocypnt.edu.vn\/wp\/wp-content\/uploads\/2021\/06\/no-description-available-1-1.jpeg\" alt=\"No description available.\" srcset=\"https:\/\/phongkhamdaihocypnt.edu.vn\/wp\/wp-content\/uploads\/2021\/06\/no-description-available-1-1.jpeg 392w, https:\/\/phongkhamdaihocypnt.edu.vn\/wp\/wp-content\/uploads\/2021\/06\/no-description-available-1-1-224x300.jpeg 224w\" sizes=\"(max-width: 392px) 100vw, 392px\" \/><\/p><p><em><strong>H\u00ecnh 5<\/strong>: D\u1ee5ng c\u1ee5 t\u1eadp luy\u1ec7n \u0111\u01b0\u1ee3c thi\u1ebft k\u1ebf t\u1ea1i nh\u00e0<\/em><\/p><p><strong><em>3. V\u1edbi v\u1eadn \u0111\u1ed9ng vi\u00ean b\u1ecb \u0111au m\u00e3n t\u00ednh, \u0111au tr\u01b0\u1edbc khi thi \u0111\u1ea5u, ho\u1eb7c sau ch\u1ea5n th\u01b0\u01a1ng g\u00e3y x\u01b0\u01a1ng, tr\u1eadt kh\u1edbp, h\u1eadu ph\u1eabu \u0111\u1ee9t d\u00e2y ch\u1eb1ng ho\u1eb7c c\u1ed1 \u0111\u1ecbnh x\u01b0\u01a1ng g\u00e3y<\/em><\/strong> \u0111\u1ec1u \u0111\u01b0\u1ee3c ch\u0103m s\u00f3c chu \u0111\u00e1o b\u1edfi \u0111\u1ed9i ng\u0169 Y b\u00e1c s\u0129 Y h\u1ecdc th\u1ec3 thao v\u00e0 c\u00e1c chuy\u00ean gia v\u1eadt l\u00ed tr\u1ecb li\u1ec7u gi\u00fap h\u1ecd kh\u1ea3 n\u0103ng tr\u1edf l\u1ea1i \u0111\u1ea5u tr\u01b0\u1eddng th\u1ec3 thao s\u1edbm.<\/p><p><img loading=\"lazy\" decoding=\"async\" width=\"928\" height=\"475\" class=\"wp-image-9490\" src=\"https:\/\/phongkhamdaihocypnt.edu.vn\/wp\/wp-content\/uploads\/2021\/06\/c-users-dao-thi-hiep-appdata-local-microsoft-wind-1.jpeg\" alt=\"C:\\Users\\Dao Thi Hiep\\AppData\\Local\\Microsoft\\Windows\\INetCache\\Content.Word\\189886700_761845074698615_1642281130080560902_n.jpg\" srcset=\"https:\/\/phongkhamdaihocypnt.edu.vn\/wp\/wp-content\/uploads\/2021\/06\/c-users-dao-thi-hiep-appdata-local-microsoft-wind-1.jpeg 928w, https:\/\/phongkhamdaihocypnt.edu.vn\/wp\/wp-content\/uploads\/2021\/06\/c-users-dao-thi-hiep-appdata-local-microsoft-wind-1-300x154.jpeg 300w, https:\/\/phongkhamdaihocypnt.edu.vn\/wp\/wp-content\/uploads\/2021\/06\/c-users-dao-thi-hiep-appdata-local-microsoft-wind-1-768x393.jpeg 768w, https:\/\/phongkhamdaihocypnt.edu.vn\/wp\/wp-content\/uploads\/2021\/06\/c-users-dao-thi-hiep-appdata-local-microsoft-wind-1-600x307.jpeg 600w\" sizes=\"(max-width: 706px) 89vw, (max-width: 767px) 82vw, 740px\" \/><\/p><p><em><strong>H\u00ecnh 6<\/strong> Ho\u1ea1t \u0111\u1ed9ng t\u1eadp luy\u1ec7n v\u1edbi banh<\/em><\/p><p><strong><em>4. Ch\u01b0\u01a1ng tr\u00ecnh t\u1eadp luy\u1ec7n v\u1eb9o c\u1ed9t s\u1ed1ng<\/em><\/strong> b\u1eaft \u0111\u1ea7u b\u1eb1ng kh\u00e2u kh\u00e1m, l\u01b0\u1ee3ng gi\u00e1 l\u00e2m s\u00e0ng, v\u00e0 X Quang, theo d\u00f5i \u0111\u00e1nh gi\u00e1 \u0111\u1ecbnh k\u00ec b\u1eb1ng ph\u1ea7n m\u1ec1m, c\u00f9ng ch\u01b0\u01a1ng tr\u00ecnh t\u1eadp luy\u1ec7n \u0111\u01b0\u1ee3c thi\u1ebft k\u1ebf cho t\u1eebng \u0111i\u1ec1u ki\u1ec7n, khi\u1ebfm khuy\u1ebft c\u1ee7a m\u1ed7i b\u1ec7nh nh\u00e2n, kh\u00e1ch h\u00e0ng gi\u00fap gi\u1ea3m \u0111\u1ed9 cong t\u1eeb 10<sup>0<\/sup> \u0111\u1ebfn 20<sup>0<\/sup>.<\/p><p><em> <img loading=\"lazy\" decoding=\"async\" width=\"321\" height=\"695\" class=\"wp-image-9491\" src=\"https:\/\/phongkhamdaihocypnt.edu.vn\/wp\/wp-content\/uploads\/2021\/06\/c-users-dao-thi-hiep-downloads-191225135_51453353.jpg\" alt=\"C:\\Users\\Dao Thi Hiep\\Downloads\\191225135_514533539737763_6028271378746385400_n.png\" srcset=\"https:\/\/phongkhamdaihocypnt.edu.vn\/wp\/wp-content\/uploads\/2021\/06\/c-users-dao-thi-hiep-downloads-191225135_51453353.jpg 321w, https:\/\/phongkhamdaihocypnt.edu.vn\/wp\/wp-content\/uploads\/2021\/06\/c-users-dao-thi-hiep-downloads-191225135_51453353-139x300.jpg 139w\" sizes=\"(max-width: 321px) 100vw, 321px\" \/><\/em><\/p><p><img loading=\"lazy\" decoding=\"async\" width=\"518\" height=\"690\" class=\"wp-image-9492\" src=\"https:\/\/phongkhamdaihocypnt.edu.vn\/wp\/wp-content\/uploads\/2021\/06\/no-description-available-1-2.jpeg\" alt=\"No description available.\" srcset=\"https:\/\/phongkhamdaihocypnt.edu.vn\/wp\/wp-content\/uploads\/2021\/06\/no-description-available-1-2.jpeg 518w, https:\/\/phongkhamdaihocypnt.edu.vn\/wp\/wp-content\/uploads\/2021\/06\/no-description-available-1-2-225x300.jpeg 225w\" sizes=\"(max-width: 518px) 100vw, 518px\" \/><\/p><p><img loading=\"lazy\" decoding=\"async\" width=\"313\" height=\"747\" class=\"wp-image-9493\" src=\"https:\/\/phongkhamdaihocypnt.edu.vn\/wp\/wp-content\/uploads\/2021\/06\/word-image-1.jpg\" srcset=\"https:\/\/phongkhamdaihocypnt.edu.vn\/wp\/wp-content\/uploads\/2021\/06\/word-image-1.jpg 313w, https:\/\/phongkhamdaihocypnt.edu.vn\/wp\/wp-content\/uploads\/2021\/06\/word-image-1-126x300.jpg 126w\" sizes=\"(max-width: 313px) 100vw, 313px\" \/><\/p><p><em><strong>H\u00ecnh 7<\/strong>. Ki\u1ec3m tra d\u00e1ng b\u1ed9 tr\u01b0\u1edbc v\u00e0 trong n\u1eb9p ch\u1ec9nh h\u00ecnh c\u1ed9t s\u1ed1ng<\/em><\/p><p><strong><em>5. Ch\u01b0\u01a1ng tr\u00ecnh ho\u1ea1t \u0111\u1ed9ng th\u1ec3 ch\u1ea5t<\/em><\/strong> \u0111\u01b0\u1ee3c k\u1ebft h\u1ee3p v\u1edbi ph\u1ea7n m\u1ec1m, s\u00e1ch, thi\u1ebft b\u1ecb t\u01b0\u01a1ng t\u00e1c th\u00f4ng minh gi\u00fap cho tr\u1ebb ch\u1eadm v\u1eadn \u0111\u1ed9ng, kh\u00f3 kh\u0103n trong giao ti\u1ebfp do di ch\u1ee9ng b\u1ea1i n\u00e3o, vi\u00eam n\u00e3o, ch\u1ea5n th\u01b0\u01a1ng n\u00e3o, c\u1ed9t s\u1ed1ng, ch\u00e2n kho\u00e8o, ch\u00e2n ki\u1ec1ng, v\u1eb9o trong, &#8230; c\u00f3 \u0111\u1ed9ng l\u1ef1c, h\u1ee9ng th\u00fa, v\u00e0 vui th\u00edch trong t\u1eadp luy\u1ec7n.<\/p><p><strong><em>6. H\u00fat ch\u00e2n kh\u00f4ng v\u1ebft th\u01b0\u01a1ng<\/em><\/strong> cho c\u00e1c v\u1ebft lo\u00e9t, v\u1ebft th\u01b0\u01a1ng kh\u00f3 l\u00e0nh do ti\u1ec3u \u0111\u01b0\u1eddng, do n\u1eb1m l\u00e2u v\u1edbi h\u1ec7 th\u1ed1ng m\u1edbi.<\/p><p><strong><em>7. \u0110\u1eb7c bi\u1ec7t c\u00f3 ch\u01b0\u01a1ng tr\u00ecnh h\u01b0\u1edbng d\u1eabn v\u1eadn \u0111\u1ed9ng, t\u1eadp luy\u1ec7n m\u1ed9t c\u00e1ch hi\u1ec7u qu\u1ea3 t\u1ea1i h\u1ed3 b\u01a1i<\/em><\/strong>, d\u00e0nh cho kh\u00e1ch h\u00e0ng l\u00e0 nh\u00e2n vi\u00ean v\u0103n ph\u00f2ng gi\u00fap ph\u00f2ng ng\u1eeba v\u00e0 gi\u1ea3i quy\u1ebft c\u00e1c nguy\u00ean nh\u00e2n th\u01b0\u1eddng g\u1eb7p do ng\u1ed3i nhi\u1ec1u d\u1eabn \u0111\u1ebfn nh\u01b0 \u0111au l\u01b0ng, \u0111au vai g\u00e1y, suy gi\u1ea3m t\u0129nh m\u1ea1ch&#8230;<\/p><p><img loading=\"lazy\" decoding=\"async\" width=\"616\" height=\"346\" class=\"wp-image-9494\" src=\"https:\/\/phongkhamdaihocypnt.edu.vn\/wp\/wp-content\/uploads\/2021\/06\/no-description-available-1-3.jpeg\" alt=\"No description available.\" srcset=\"https:\/\/phongkhamdaihocypnt.edu.vn\/wp\/wp-content\/uploads\/2021\/06\/no-description-available-1-3.jpeg 616w, https:\/\/phongkhamdaihocypnt.edu.vn\/wp\/wp-content\/uploads\/2021\/06\/no-description-available-1-3-300x169.jpeg 300w, https:\/\/phongkhamdaihocypnt.edu.vn\/wp\/wp-content\/uploads\/2021\/06\/no-description-available-1-3-600x337.jpeg 600w\" sizes=\"(max-width: 616px) 100vw, 616px\" \/><\/p><p><img loading=\"lazy\" decoding=\"async\" width=\"1125\" height=\"510\" class=\"wp-image-9495\" src=\"https:\/\/phongkhamdaihocypnt.edu.vn\/wp\/wp-content\/uploads\/2021\/06\/c-users-dell-downloads-191121413_4778863522128675.jpeg\" alt=\"C:\\Users\\Dell\\Downloads\\191121413_4778863522128675_8397734586699468536_n.jpg\" srcset=\"https:\/\/phongkhamdaihocypnt.edu.vn\/wp\/wp-content\/uploads\/2021\/06\/c-users-dell-downloads-191121413_4778863522128675.jpeg 1125w, https:\/\/phongkhamdaihocypnt.edu.vn\/wp\/wp-content\/uploads\/2021\/06\/c-users-dell-downloads-191121413_4778863522128675-300x136.jpeg 300w, https:\/\/phongkhamdaihocypnt.edu.vn\/wp\/wp-content\/uploads\/2021\/06\/c-users-dell-downloads-191121413_4778863522128675-1024x464.jpeg 1024w, https:\/\/phongkhamdaihocypnt.edu.vn\/wp\/wp-content\/uploads\/2021\/06\/c-users-dell-downloads-191121413_4778863522128675-768x348.jpeg 768w, https:\/\/phongkhamdaihocypnt.edu.vn\/wp\/wp-content\/uploads\/2021\/06\/c-users-dell-downloads-191121413_4778863522128675-600x272.jpeg 600w\" sizes=\"(max-width: 706px) 89vw, (max-width: 767px) 82vw, 740px\" \/><\/p><p><em><strong>H\u00ecnh 8<\/strong>. Hu\u1ea5n luy\u1ec7n v\u1eadn \u0111\u1ed9ng t\u1ea1i h\u1ed3 b\u01a1i &#8211; \u0110\u1ea1i H\u1ecdc Y Khoa ng\u00e0nh PHCN.<\/em><\/p>\t\t\t\t\t\t\t\t<\/div>\n\t\t\t\t<\/div>\n\t\t\t\t\t<\/div>\n\t\t<\/div>\n\t\t\t\t\t<\/div>\n\t\t<\/section>\n\t\t\t\t<\/div>\n\t\t","protected":false},"excerpt":{"rendered":"<p>Ph\u1ee5c h\u1ed3i Ch\u1ee9c n\u0103ng Khoa Ph\u1ee5c H\u1ed3i Ch\u1ee9c N\u0103ng (PHCN) thu\u1ed9c ph\u00f2ng kh\u00e1m \u0110a Khoa Ph\u1ea1m Ng\u1ecdc Th\u1ea1ch ch\u00ednh th\u1ee9c \u0111i v\u00e0o ho\u1ea1t \u0111\u1ed9ng th\u00e1ng 06\/2021. Gi\u1ea5y ph\u00e9p SYT c\u1ea5p ng\u00e0y 7\/5\/2021 s\u1ed1 2429\/SYT-QLDVYT. H\u00ecnh 1: Ph\u00f2ng Ph\u1ee5c h\u1ed3i Ch\u1ee9c N\u0103ng V\u1edbi mong mu\u1ed1n mang l\u1ea1i cho kh\u00e1ch h\u00e0ng nh\u1eefng d\u1ecbch v\u1ee5 kh\u00e1m ch\u1eefa b\u1ec7nh [&hellip;]<\/p>\n","protected":false},"author":1,"featured_media":0,"parent":0,"menu_order":0,"comment_status":"closed","ping_status":"closed","template":"","meta":{"_acf_changed":false,"footnotes":""},"class_list":["post-9480","page","type-page","status-publish","hentry"],"acf":[],"_links":{"self":[{"href":"https:\/\/phongkhamdaihocypnt.edu.vn\/wp\/wp-json\/wp\/v2\/pages\/9480","targetHints":{"allow":["GET"]}}],"collection":[{"href":"https:\/\/phongkhamdaihocypnt.edu.vn\/wp\/wp-json\/wp\/v2\/pages"}],"about":[{"href":"https:\/\/phongkhamdaihocypnt.edu.vn\/wp\/wp-json\/wp\/v2\/types\/page"}],"author":[{"embeddable":true,"href":"https:\/\/phongkhamdaihocypnt.edu.vn\/wp\/wp-json\/wp\/v2\/users\/1"}],"replies":[{"embeddable":true,"href":"https:\/\/phongkhamdaihocypnt.edu.vn\/wp\/wp-json\/wp\/v2\/comments?post=9480"}],"version-history":[{"count":6,"href":"https:\/\/phongkhamdaihocypnt.edu.vn\/wp\/wp-json\/wp\/v2\/pages\/9480\/revisions"}],"predecessor-version":[{"id":9524,"href":"https:\/\/phongkhamdaihocypnt.edu.vn\/wp\/wp-json\/wp\/v2\/pages\/9480\/revisions\/9524"}],"wp:attachment":[{"href":"https:\/\/phongkhamdaihocypnt.edu.vn\/wp\/wp-json\/wp\/v2\/media?parent=9480"}],"curies":[{"name":"wp","href":"https:\/\/api.w.org\/{rel}","templated":true}]}}