{"id":7604,"date":"2021-05-20T04:24:42","date_gmt":"2021-05-20T04:24:42","guid":{"rendered":"https:\/\/phongkhamdaihocypnt.edu.vn\/wp\/?page_id=7604"},"modified":"2025-08-24T16:26:44","modified_gmt":"2025-08-24T09:26:44","slug":"kham-suc-khoe-di-lam","status":"publish","type":"page","link":"https:\/\/phongkhamdaihocypnt.edu.vn\/wp\/kham-suc-khoe-di-lam\/","title":{"rendered":"Kh\u00e1m s\u1ee9c kh\u1ecfe \u0111i l\u00e0m"},"content":{"rendered":"\t\t<div data-elementor-type=\"wp-page\" data-elementor-id=\"7604\" class=\"elementor elementor-7604\">\n\t\t\t\t\t\t<section class=\"elementor-section elementor-top-section elementor-element elementor-element-27198d26 elementor-section-boxed elementor-section-height-default elementor-section-height-default\" data-id=\"27198d26\" data-element_type=\"section\" data-e-type=\"section\">\n\t\t\t\t\t\t<div class=\"elementor-container elementor-column-gap-default\">\n\t\t\t\t\t<div class=\"elementor-column elementor-col-100 elementor-top-column elementor-element elementor-element-252fcc50\" data-id=\"252fcc50\" data-element_type=\"column\" data-e-type=\"column\">\n\t\t\t<div class=\"elementor-widget-wrap elementor-element-populated\">\n\t\t\t\t\t\t<div class=\"elementor-element elementor-element-26fc449 elementor-widget elementor-widget-text-editor\" data-id=\"26fc449\" data-element_type=\"widget\" data-e-type=\"widget\" data-widget_type=\"text-editor.default\">\n\t\t\t\t<div class=\"elementor-widget-container\">\n\t\t\t\t\t\t\t\t\t<h2><strong>Kh\u00e1m s\u1ee9c kh\u1ecfe \u0111o\u00e0n<\/strong><\/h2>\n<p><\/p>\n<p><\/p>\n<p><\/p>\n<p><strong>Ph\u00f2ng kh\u00e1m \u0110a khoa tr\u01b0\u1eddng \u0110\u1ea1i h\u1ecdc Y khoa Ph\u1ea1m Ng\u1ecdc Th\u1ea1ch<\/strong> xin\u00a0tr\u00e2n tr\u1ecdng gi\u1edbi thi\u1ec7u \u0111\u1ebfn B\u1ea1n m\u1ed9t s\u1ed1 d\u1ecbch v\u1ee5 kh\u00e1m s\u1ee9c kh\u1ecfe \u0111i l\u00e0m t\u1ea1i Ph\u00f2ng kh\u00e1m \u0110a khoa Tr\u01b0\u1eddng \u0110\u1ea1i h\u1ecdc Y khoa Ph\u1ea1m Ng\u1ecdc Th\u1ea1ch:<\/p>\n<p><\/p>\n<ul class=\"wp-block-list\">\n<li>Kh\u00e1m s\u1ee9c kh\u1ecfe \u0111i l\u00e0m, \u0111i h\u1ecdc,<\/li>\n<li>Kh\u00e1m s\u1ee9c kh\u1ecfe th\u00f4ng t\u01b0 14\/2013\/TT-BYT,<\/li>\n<li>Kh\u00e1m s\u1ee9c kh\u1ecfe l\u0129nh v\u1ef1c \u0103n u\u1ed1ng,<\/li>\n<li>Kh\u00e1m s\u1ee9c kh\u1ecfe d\u01b0\u1edbi 18 tu\u1ed5i,<\/li>\n<li>Kh\u00e1m s\u1ee9c kh\u1ecfe xin vi\u1ec7c l\u00e0m t\u00e0i x\u1ebf (\u0111\u1ed1i v\u1edbi ng\u01b0\u1eddi \u0111\u00e3 c\u00f3 b\u1eb1ng l\u00e1i)<\/li>\n<li>Kh\u00e1m s\u1ee9c kh\u1ecfe cho tr\u1ebb &lt; 6 tu\u1ed5i<\/li>\n<\/ul>\n<p><\/p>\n<p>\u0110\u1ebfn v\u1edbi Ph\u00f2ng kh\u00e1m \u0110a khoa Tr\u01b0\u1eddng \u0110\u1ea1i h\u1ecdc Y khoa Ph\u1ea1m Ng\u1ecdc Th\u1ea1ch, B\u1ea1n:<\/p>\n<p><\/p>\n<ul class=\"wp-block-list\">\n<li>\u0110\u01b0\u1ee3c t\u01b0 v\u1ea5n k\u1ef9 l\u01b0\u1ee1ng v\u1ec1 m\u1ecdi th\u1eafc m\u1eafc c\u1ee7a B\u1ea1n li\u00ean quan \u0111\u1ebfn v\u1ea5n \u0111\u1ec1 s\u1ee9c kh\u1ecfe,<\/li>\n<\/ul>\n<p><\/p>\n<ul class=\"wp-block-list\">\n<li>\u0110\u01b0\u1ee3c l\u1eadp h\u1ed3 s\u01a1 theo d\u00f5i s\u1ee9c kh\u1ecfe c\u00e1 nh\u00e2n (n\u1ebfu c\u00f3 y\u00eau c\u1ea7u).<\/li>\n<\/ul>\n<p>L\u01b0u \u00fd: <em>Khi \u0111\u1ebfn \u0111\u0103ng k\u00fd kh\u00e1m s\u1ee9c kh\u1ecfe \u0111i l\u00e0m, b<\/em><em>\u1ea1n c\u1ea7n chu\u1ea9n b\u1ecb 3-4 \u1ea3nh 4\u00d76 (ho\u1eb7c nhi\u1ec1u h\u01a1n t\u00f9y theo nhu c\u1ea7u c\u1ee7a B\u1ea1n) v\u00e0 CMND\/CCCD \u0111\u1ec3 \u0111\u1ed1i chi\u1ebfu.<\/em><\/p>\n<p><\/p>\n<p><\/p>\t\t\t\t\t\t\t\t<\/div>\n\t\t\t\t<\/div>\n\t\t\t\t\t<\/div>\n\t\t<\/div>\n\t\t\t\t\t<\/div>\n\t\t<\/section>\n\t\t\t\t<section class=\"elementor-section elementor-top-section elementor-element elementor-element-6cd0bfc elementor-section-boxed elementor-section-height-default elementor-section-height-default\" data-id=\"6cd0bfc\" data-element_type=\"section\" data-e-type=\"section\">\n\t\t\t\t\t\t<div class=\"elementor-container elementor-column-gap-default\">\n\t\t\t\t\t<div class=\"elementor-column elementor-col-100 elementor-top-column elementor-element elementor-element-fab5827\" data-id=\"fab5827\" data-element_type=\"column\" data-e-type=\"column\">\n\t\t\t<div class=\"elementor-widget-wrap elementor-element-populated\">\n\t\t\t\t\t\t<div class=\"elementor-element elementor-element-335cf63 elementor-widget elementor-widget-image\" data-id=\"335cf63\" data-element_type=\"widget\" data-e-type=\"widget\" data-widget_type=\"image.default\">\n\t\t\t\t<div class=\"elementor-widget-container\">\n\t\t\t\t\t\t\t\t\t\t\t\t\t\t\t<img fetchpriority=\"high\" decoding=\"async\" width=\"525\" height=\"318\" src=\"https:\/\/phongkhamdaihocypnt.edu.vn\/wp\/wp-content\/uploads\/2024\/12\/khanh-thanh-phong-kham-bac-si-gia-dinh-truong-dai-768x465.jpeg\" class=\"attachment-medium_large size-medium_large wp-image-15810\" alt=\"Kh\u00e1nh th\u00e0nh ph\u00f2ng kh\u00e1m B\u00e1c s\u0129 gia \u0111\u00ecnh Tr\u01b0\u1eddng \u0110\u1ea1i h\u1ecdc Y khoa Ph\u1ea1m Ng\u1ecdc Th\u1ea1ch\" srcset=\"https:\/\/phongkhamdaihocypnt.edu.vn\/wp\/wp-content\/uploads\/2024\/12\/khanh-thanh-phong-kham-bac-si-gia-dinh-truong-dai-768x465.jpeg 768w, https:\/\/phongkhamdaihocypnt.edu.vn\/wp\/wp-content\/uploads\/2024\/12\/khanh-thanh-phong-kham-bac-si-gia-dinh-truong-dai-300x182.jpeg 300w, https:\/\/phongkhamdaihocypnt.edu.vn\/wp\/wp-content\/uploads\/2024\/12\/khanh-thanh-phong-kham-bac-si-gia-dinh-truong-dai-1024x620.jpeg 1024w, https:\/\/phongkhamdaihocypnt.edu.vn\/wp\/wp-content\/uploads\/2024\/12\/khanh-thanh-phong-kham-bac-si-gia-dinh-truong-dai.jpeg 1061w\" sizes=\"100vw\" \/>\t\t\t\t\t\t\t\t\t\t\t\t\t\t\t<\/div>\n\t\t\t\t<\/div>\n\t\t\t\t\t<\/div>\n\t\t<\/div>\n\t\t\t\t\t<\/div>\n\t\t<\/section>\n\t\t\t\t<section class=\"elementor-section elementor-top-section elementor-element elementor-element-e1ab6ac elementor-section-boxed elementor-section-height-default elementor-section-height-default\" data-id=\"e1ab6ac\" data-element_type=\"section\" data-e-type=\"section\">\n\t\t\t\t\t\t<div class=\"elementor-container elementor-column-gap-default\">\n\t\t\t\t\t<div class=\"elementor-column elementor-col-100 elementor-top-column elementor-element elementor-element-f101510\" data-id=\"f101510\" data-element_type=\"column\" data-e-type=\"column\">\n\t\t\t<div class=\"elementor-widget-wrap elementor-element-populated\">\n\t\t\t\t\t\t<div class=\"elementor-element elementor-element-48d0eb3 elementor-button-info elementor-align-center elementor-widget elementor-widget-button\" data-id=\"48d0eb3\" data-element_type=\"widget\" data-e-type=\"widget\" data-widget_type=\"button.default\">\n\t\t\t\t<div class=\"elementor-widget-container\">\n\t\t\t\t\t\t\t\t\t<div class=\"elementor-button-wrapper\">\n\t\t\t\t\t<a class=\"elementor-button elementor-button-link elementor-size-sm\" href=\"https:\/\/phongkhamdaihocypnt.edu.vn\/cskh\/ksk_baogia2025.html\">\n\t\t\t\t\t\t<span class=\"elementor-button-content-wrapper\">\n\t\t\t\t\t\t\t\t\t<span class=\"elementor-button-text\">B\u00e1o gi\u00e1 kh\u00e1m s\u1ee9c kh\u1ecfe<\/span>\n\t\t\t\t\t<\/span>\n\t\t\t\t\t<\/a>\n\t\t\t\t<\/div>\n\t\t\t\t\t\t\t\t<\/div>\n\t\t\t\t<\/div>\n\t\t\t\t\t<\/div>\n\t\t<\/div>\n\t\t\t\t\t<\/div>\n\t\t<\/section>\n\t\t\t\t<\/div>\n\t\t","protected":false},"excerpt":{"rendered":"<p>Kh\u00e1m s\u1ee9c kh\u1ecfe \u0111o\u00e0n Ph\u00f2ng kh\u00e1m \u0110a khoa tr\u01b0\u1eddng \u0110\u1ea1i h\u1ecdc Y khoa Ph\u1ea1m Ng\u1ecdc Th\u1ea1ch xin\u00a0tr\u00e2n tr\u1ecdng gi\u1edbi thi\u1ec7u \u0111\u1ebfn B\u1ea1n m\u1ed9t s\u1ed1 d\u1ecbch v\u1ee5 kh\u00e1m s\u1ee9c kh\u1ecfe \u0111i l\u00e0m t\u1ea1i Ph\u00f2ng kh\u00e1m \u0110a khoa Tr\u01b0\u1eddng \u0110\u1ea1i h\u1ecdc Y khoa Ph\u1ea1m Ng\u1ecdc Th\u1ea1ch: Kh\u00e1m s\u1ee9c kh\u1ecfe \u0111i l\u00e0m, \u0111i h\u1ecdc, Kh\u00e1m s\u1ee9c kh\u1ecfe th\u00f4ng [&hellip;]<\/p>\n","protected":false},"author":1,"featured_media":0,"parent":0,"menu_order":0,"comment_status":"closed","ping_status":"closed","template":"","meta":{"_acf_changed":false,"footnotes":""},"class_list":["post-7604","page","type-page","status-publish","hentry"],"acf":[],"_links":{"self":[{"href":"https:\/\/phongkhamdaihocypnt.edu.vn\/wp\/wp-json\/wp\/v2\/pages\/7604","targetHints":{"allow":["GET"]}}],"collection":[{"href":"https:\/\/phongkhamdaihocypnt.edu.vn\/wp\/wp-json\/wp\/v2\/pages"}],"about":[{"href":"https:\/\/phongkhamdaihocypnt.edu.vn\/wp\/wp-json\/wp\/v2\/types\/page"}],"author":[{"embeddable":true,"href":"https:\/\/phongkhamdaihocypnt.edu.vn\/wp\/wp-json\/wp\/v2\/users\/1"}],"replies":[{"embeddable":true,"href":"https:\/\/phongkhamdaihocypnt.edu.vn\/wp\/wp-json\/wp\/v2\/comments?post=7604"}],"version-history":[{"count":37,"href":"https:\/\/phongkhamdaihocypnt.edu.vn\/wp\/wp-json\/wp\/v2\/pages\/7604\/revisions"}],"predecessor-version":[{"id":17369,"href":"https:\/\/phongkhamdaihocypnt.edu.vn\/wp\/wp-json\/wp\/v2\/pages\/7604\/revisions\/17369"}],"wp:attachment":[{"href":"https:\/\/phongkhamdaihocypnt.edu.vn\/wp\/wp-json\/wp\/v2\/media?parent=7604"}],"curies":[{"name":"wp","href":"https:\/\/api.w.org\/{rel}","templated":true}]}}