{"id":1186,"date":"2020-10-16T05:30:57","date_gmt":"2020-10-16T05:30:57","guid":{"rendered":"http:\/\/iqonic.design\/wp-themes\/kivicare\/?page_id=1186"},"modified":"2025-07-22T17:23:07","modified_gmt":"2025-07-22T10:23:07","slug":"lien-he","status":"publish","type":"page","link":"https:\/\/phongkhamdaihocypnt.edu.vn\/wp\/lien-he\/","title":{"rendered":"Li\u00ean h\u1ec7"},"content":{"rendered":"\t\t<div data-elementor-type=\"wp-page\" data-elementor-id=\"1186\" class=\"elementor elementor-1186\">\n\t\t\t\t\t\t<div class=\"elementor-section elementor-top-section elementor-element elementor-element-b3fd02d elementor-section-boxed elementor-section-height-default elementor-section-height-default\" data-id=\"b3fd02d\" data-element_type=\"section\" data-e-type=\"section\">\n\t\t\t\t\t\t<div class=\"elementor-container elementor-column-gap-default\">\n\t\t\t\t\t<div class=\"elementor-column elementor-col-33 elementor-top-column elementor-element elementor-element-570e941 elementor-invisible\" data-id=\"570e941\" data-element_type=\"column\" data-e-type=\"column\" data-settings=\"{&quot;animation&quot;:&quot;fadeInUp&quot;,&quot;animation_delay&quot;:200}\">\n\t\t\t<div class=\"elementor-widget-wrap elementor-element-populated\">\n\t\t\t\t\t\t<div class=\"elementor-element elementor-element-88c4d3e elementor-widget elementor-widget-section_title\" data-id=\"88c4d3e\" data-element_type=\"widget\" data-e-type=\"widget\" data-widget_type=\"section_title.default\">\n\t\t\t\t<div class=\"elementor-widget-container\">\n\t\t\t\t\t\n\t<div class=\"text-center iq-title-box iq-title-box-1\">\n\t\t<div class=\"iq-title-icon\">\n\t\t\t<i aria-hidden=\"true\" class=\"typcn typcn-location-outline\"><\/i>\t\t<\/div>\n\t\t<span class=\"iq-subtitle\">\u0110\u1ecba ch\u1ec9<\/span>\n\t\t<h5 class=\"iq-title iq-heading-title\">\n\t\t\t461 S\u01b0 V\u1ea1n H\u1ea1nh, Ph\u01b0\u1eddng H\u00f2a H\u01b0ng, Th\u00e0nh ph\u1ed1 H\u1ed3 Ch\u00ed Minh\t\t<\/h5>\n\t\t\t<\/div>\n\t\t\t\t<\/div>\n\t\t\t\t<\/div>\n\t\t\t\t\t<\/div>\n\t\t<\/div>\n\t\t\t\t<div class=\"elementor-column elementor-col-33 elementor-top-column elementor-element elementor-element-969a3ba elementor-invisible\" data-id=\"969a3ba\" data-element_type=\"column\" data-e-type=\"column\" data-settings=\"{&quot;animation&quot;:&quot;fadeInUp&quot;,&quot;animation_delay&quot;:400}\">\n\t\t\t<div class=\"elementor-widget-wrap elementor-element-populated\">\n\t\t\t\t\t\t<div class=\"elementor-element elementor-element-5f1027b elementor-widget elementor-widget-section_title\" data-id=\"5f1027b\" data-element_type=\"widget\" data-e-type=\"widget\" data-widget_type=\"section_title.default\">\n\t\t\t\t<div class=\"elementor-widget-container\">\n\t\t\t\t\t\n\t<div class=\"text-center iq-title-box iq-title-box-1\">\n\t\t<div class=\"iq-title-icon\">\n\t\t\t<i aria-hidden=\"true\" class=\"typcn typcn-mail\"><\/i>\t\t<\/div>\n\t\t<span class=\"iq-subtitle\">EMAIL <\/span>\n\t\t<h5 class=\"iq-title iq-heading-title\">\n\t\t\tphongkham@pnt.edu.vn\t\t<\/h5>\n\t\t\t<\/div>\n\t\t\t\t<\/div>\n\t\t\t\t<\/div>\n\t\t\t\t\t<\/div>\n\t\t<\/div>\n\t\t\t\t<div class=\"elementor-column elementor-col-33 elementor-top-column elementor-element elementor-element-ce1ae2c elementor-invisible\" data-id=\"ce1ae2c\" data-element_type=\"column\" data-e-type=\"column\" data-settings=\"{&quot;animation&quot;:&quot;fadeInUp&quot;,&quot;animation_delay&quot;:600}\">\n\t\t\t<div class=\"elementor-widget-wrap elementor-element-populated\">\n\t\t\t\t\t\t<div class=\"elementor-element elementor-element-e363930 elementor-widget elementor-widget-section_title\" data-id=\"e363930\" data-element_type=\"widget\" data-e-type=\"widget\" data-widget_type=\"section_title.default\">\n\t\t\t\t<div class=\"elementor-widget-container\">\n\t\t\t\t\t\n\t<div class=\"text-center iq-title-box iq-title-box-1\">\n\t\t<div class=\"iq-title-icon\">\n\t\t\t<i aria-hidden=\"true\" class=\"typcn typcn-phone-outline\"><\/i>\t\t<\/div>\n\t\t<span class=\"iq-subtitle\">Li\u00ean h\u1ec7<\/span>\n\t\t<h5 class=\"iq-title iq-heading-title\">\n\t\t\t 028 3862 0120\t\t<\/h5>\n\t\t\t<\/div>\n\t\t\t\t<\/div>\n\t\t\t\t<\/div>\n\t\t\t\t\t<\/div>\n\t\t<\/div>\n\t\t\t\t\t<\/div>\n\t\t<\/div>\n\t\t\t\t<section class=\"elementor-section elementor-top-section elementor-element elementor-element-340471f elementor-section-boxed elementor-section-height-default elementor-section-height-default\" data-id=\"340471f\" data-element_type=\"section\" data-e-type=\"section\">\n\t\t\t\t\t\t<div class=\"elementor-container elementor-column-gap-default\">\n\t\t\t\t\t<div class=\"elementor-column elementor-col-100 elementor-top-column elementor-element elementor-element-e45fac4\" data-id=\"e45fac4\" data-element_type=\"column\" data-e-type=\"column\">\n\t\t\t<div class=\"elementor-widget-wrap elementor-element-populated\">\n\t\t\t\t\t\t<div class=\"elementor-element elementor-element-f692d64 elementor-widget elementor-widget-iq_divider\" data-id=\"f692d64\" data-element_type=\"widget\" data-e-type=\"widget\" data-widget_type=\"iq_divider.default\">\n\t\t\t\t<div class=\"elementor-widget-container\">\n\t\t\t\t\t\t<div class=\"iq-divider iq-divider-style-1 \">\n\t\t<div class=\"iq-divider-left\">\n\t\t<\/div>\n\t<\/div>\n\t\t\t\t<\/div>\n\t\t\t\t<\/div>\n\t\t\t\t<div class=\"elementor-element elementor-element-e183d85 elementor-star-rating--align-center elementor--star-style-star_fontawesome elementor-widget elementor-widget-star-rating\" data-id=\"e183d85\" data-element_type=\"widget\" data-e-type=\"widget\" data-widget_type=\"star-rating.default\">\n\t\t\t\t<div class=\"elementor-widget-container\">\n\t\t\t\t\t\t\t<div class=\"elementor-star-rating__wrapper\">\n\t\t\t\t\t\t\t<div class=\"elementor-star-rating__title\">M\u1ee9c \u0111\u1ed9 y\u00eau th\u00edch:<\/div>\n\t\t\t\t\t\t<div class=\"elementor-star-rating\" itemtype=\"http:\/\/schema.org\/Rating\" itemscope=\"\" itemprop=\"reviewRating\">\n\t\t\t\t<i class=\"elementor-star-full\" aria-hidden=\"true\">&#xE933;<\/i><i class=\"elementor-star-full\" aria-hidden=\"true\">&#xE933;<\/i><i class=\"elementor-star-full\" aria-hidden=\"true\">&#xE933;<\/i><i class=\"elementor-star-full\" aria-hidden=\"true\">&#xE933;<\/i><i class=\"elementor-star-full\" aria-hidden=\"true\">&#xE933;<\/i>\t\t\t\t<span itemprop=\"ratingValue\" class=\"elementor-screen-only\">\u0110\u01b0\u1ee3c \u0111\u00e1nh gi\u00e1 5 tr\u00ean 5<\/span>\n\t\t\t<\/div>\n\t\t<\/div>\n\t\t\t\t\t\t<\/div>\n\t\t\t\t<\/div>\n\t\t\t\t\t<\/div>\n\t\t<\/div>\n\t\t\t\t\t<\/div>\n\t\t<\/section>\n\t\t\t\t<section class=\"elementor-section elementor-top-section elementor-element elementor-element-1051cb6 elementor-section-boxed elementor-section-height-default elementor-section-height-default\" data-id=\"1051cb6\" data-element_type=\"section\" data-e-type=\"section\">\n\t\t\t\t\t\t<div class=\"elementor-container elementor-column-gap-default\">\n\t\t\t\t\t<div class=\"elementor-column elementor-col-100 elementor-top-column elementor-element elementor-element-580afd7\" data-id=\"580afd7\" data-element_type=\"column\" data-e-type=\"column\">\n\t\t\t<div class=\"elementor-widget-wrap elementor-element-populated\">\n\t\t\t\t\t\t<div class=\"elementor-element elementor-element-9b14058 elementor-widget elementor-widget-section_title\" data-id=\"9b14058\" data-element_type=\"widget\" data-e-type=\"widget\" data-widget_type=\"section_title.default\">\n\t\t\t\t<div class=\"elementor-widget-container\">\n\t\t\t\t\t\t<div class=\"text-center iq-title-box\">\n\t\t<div class=\"iq-title-icon\">\n\t\t\t<i aria-hidden=\"true\" class=\"far fa-bell\"><\/i>\t\t<\/div>\n\n\t\t\n\t\t<h2 class=\"iq-title iq-heading-title\">\n\t\t\t<span class=\"right-text\">G\u00f3p \u00fd - Ph\u1ea3n h\u1ed3i<\/span>\n\t\t\t<span class=\"left-text\"><\/span>\n\t\t<\/h2>\n\t\t<p class=\"iq-title-desc\">Ch\u00fang t\u00f4i lu\u00f4n ti\u1ebfp thu c\u00e1c \u00fd ki\u1ebfn v\u00e0 ph\u1ea3n h\u1ed3i c\u1ee7a qu\u00fd anh ch\u1ecb \u0111\u1ec3 n\u00e2ng cao ch\u1ea5t l\u01b0\u1ee3ng d\u1ecbch v\u1ee5 c\u1ee7a ph\u00f2ng kh\u00e1m.<\/p>\t<\/div>\n\t\t\t\t<\/div>\n\t\t\t\t<\/div>\n\t\t\t\t\t<\/div>\n\t\t<\/div>\n\t\t\t\t\t<\/div>\n\t\t<\/section>\n\t\t\t\t<section class=\"elementor-section elementor-top-section elementor-element elementor-element-df95608 elementor-section-boxed elementor-section-height-default elementor-section-height-default\" data-id=\"df95608\" data-element_type=\"section\" data-e-type=\"section\">\n\t\t\t\t\t\t<div class=\"elementor-container elementor-column-gap-default\">\n\t\t\t\t\t<div class=\"elementor-column elementor-col-33 elementor-top-column elementor-element elementor-element-438548f animated-fast elementor-hidden-phone elementor-invisible\" data-id=\"438548f\" data-element_type=\"column\" data-e-type=\"column\" data-settings=\"{&quot;animation&quot;:&quot;fadeIn&quot;}\">\n\t\t\t<div class=\"elementor-widget-wrap elementor-element-populated\">\n\t\t\t\t\t\t<div class=\"elementor-element elementor-element-2d1639a elementor-view-stacked elementor-shape-circle elementor-widget elementor-widget-icon\" data-id=\"2d1639a\" data-element_type=\"widget\" data-e-type=\"widget\" data-widget_type=\"icon.default\">\n\t\t\t\t<div class=\"elementor-widget-container\">\n\t\t\t\t\t\t\t<div class=\"elementor-icon-wrapper\">\n\t\t\t<a class=\"elementor-icon\" href=\"https:\/\/m.me\/PhongkhamDhykPNT\/\">\n\t\t\t<i aria-hidden=\"true\" class=\"fab fa-facebook-messenger\"><\/i>\t\t\t<\/a>\n\t\t<\/div>\n\t\t\t\t\t\t<\/div>\n\t\t\t\t<\/div>\n\t\t\t\t<div class=\"elementor-element elementor-element-ff7ac8b elementor-view-stacked elementor-shape-circle elementor-widget elementor-widget-icon\" data-id=\"ff7ac8b\" data-element_type=\"widget\" data-e-type=\"widget\" data-widget_type=\"icon.default\">\n\t\t\t\t<div class=\"elementor-widget-container\">\n\t\t\t\t\t\t\t<div class=\"elementor-icon-wrapper\">\n\t\t\t<a class=\"elementor-icon\" href=\"mailto:phongkham@pnt.edu.vn\" target=\"_blank\">\n\t\t\t<i aria-hidden=\"true\" class=\"ion ion-email\"><\/i>\t\t\t<\/a>\n\t\t<\/div>\n\t\t\t\t\t\t<\/div>\n\t\t\t\t<\/div>\n\t\t\t\t\t<\/div>\n\t\t<\/div>\n\t\t\t\t<div class=\"elementor-column elementor-col-33 elementor-top-column elementor-element elementor-element-190b5b0\" data-id=\"190b5b0\" data-element_type=\"column\" data-e-type=\"column\">\n\t\t\t<div class=\"elementor-widget-wrap\">\n\t\t\t\t\t\t\t<\/div>\n\t\t<\/div>\n\t\t\t\t<div class=\"elementor-column elementor-col-33 elementor-top-column elementor-element elementor-element-8584f2c\" data-id=\"8584f2c\" data-element_type=\"column\" data-e-type=\"column\">\n\t\t\t<div class=\"elementor-widget-wrap elementor-element-populated\">\n\t\t\t\t\t\t<div class=\"elementor-element elementor-element-3cf9701 elementor-widget__width-auto elementor-hidden-mobile elementor-invisible elementor-widget elementor-widget-html\" data-id=\"3cf9701\" data-element_type=\"widget\" data-e-type=\"widget\" data-settings=\"{&quot;_animation&quot;:&quot;fadeIn&quot;,&quot;_animation_delay&quot;:200}\" data-widget_type=\"html.default\">\n\t\t\t\t<div class=\"elementor-widget-container\">\n\t\t\t\t\t<script src=\"https:\/\/sp.zalo.me\/plugins\/sdk.js\"><\/script>\n<div class=\"zalo-follow-button\" data-oaid=\"251005438065116569\" data-cover=\"yes\" data-article=\"\" data-width=\"\" data-height=\"\"><\/div>\t\t\t\t<\/div>\n\t\t\t\t<\/div>\n\t\t\t\t\t<\/div>\n\t\t<\/div>\n\t\t\t\t\t<\/div>\n\t\t<\/section>\n\t\t\t\t<\/div>\n\t\t","protected":false},"excerpt":{"rendered":"<p>\u0110\u1ecba ch\u1ec9 461 S\u01b0 V\u1ea1n H\u1ea1nh, Ph\u01b0\u1eddng H\u00f2a H\u01b0ng, Th\u00e0nh ph\u1ed1 H\u1ed3 Ch\u00ed Minh EMAIL phongkham@pnt.edu.vn Li\u00ean h\u1ec7 028 3862 0120 M\u1ee9c \u0111\u1ed9 y\u00eau th\u00edch: &#xE933;&#xE933;&#xE933;&#xE933;&#xE933; 5\/5 G\u00f3p \u00fd &#8211; Ph\u1ea3n h\u1ed3i Ch\u00fang t\u00f4i lu\u00f4n ti\u1ebfp thu c\u00e1c \u00fd ki\u1ebfn v\u00e0 ph\u1ea3n h\u1ed3i c\u1ee7a qu\u00fd anh ch\u1ecb \u0111\u1ec3 n\u00e2ng cao ch\u1ea5t l\u01b0\u1ee3ng d\u1ecbch v\u1ee5 c\u1ee7a [&hellip;]<\/p>\n","protected":false},"author":1,"featured_media":0,"parent":0,"menu_order":0,"comment_status":"closed","ping_status":"closed","template":"","meta":{"_acf_changed":false,"footnotes":""},"class_list":["post-1186","page","type-page","status-publish","hentry"],"acf":[],"_links":{"self":[{"href":"https:\/\/phongkhamdaihocypnt.edu.vn\/wp\/wp-json\/wp\/v2\/pages\/1186","targetHints":{"allow":["GET"]}}],"collection":[{"href":"https:\/\/phongkhamdaihocypnt.edu.vn\/wp\/wp-json\/wp\/v2\/pages"}],"about":[{"href":"https:\/\/phongkhamdaihocypnt.edu.vn\/wp\/wp-json\/wp\/v2\/types\/page"}],"author":[{"embeddable":true,"href":"https:\/\/phongkhamdaihocypnt.edu.vn\/wp\/wp-json\/wp\/v2\/users\/1"}],"replies":[{"embeddable":true,"href":"https:\/\/phongkhamdaihocypnt.edu.vn\/wp\/wp-json\/wp\/v2\/comments?post=1186"}],"version-history":[{"count":60,"href":"https:\/\/phongkhamdaihocypnt.edu.vn\/wp\/wp-json\/wp\/v2\/pages\/1186\/revisions"}],"predecessor-version":[{"id":17054,"href":"https:\/\/phongkhamdaihocypnt.edu.vn\/wp\/wp-json\/wp\/v2\/pages\/1186\/revisions\/17054"}],"wp:attachment":[{"href":"https:\/\/phongkhamdaihocypnt.edu.vn\/wp\/wp-json\/wp\/v2\/media?parent=1186"}],"curies":[{"name":"wp","href":"https:\/\/api.w.org\/{rel}","templated":true}]}}