{"id":1285,"date":"2020-10-17T05:30:22","date_gmt":"2020-10-17T00:00:22","guid":{"rendered":"http:\/\/iqonic.design\/wp-themes\/kivicare\/?page_id=1285"},"modified":"2021-06-08T10:04:39","modified_gmt":"2021-06-08T03:04:39","slug":"about-us","status":"publish","type":"page","link":"https:\/\/phongkhamdaihocypnt.edu.vn\/en\/about-us\/","title":{"rendered":"About Us"},"content":{"rendered":"<h2>\n\t\t\tPolyclinic of<br \/>\nPham Ngoc Thach University of Medicine<\/h2>\n<p>your health is our concern<br \/>\n<img decoding=\"async\" src=\"https:\/\/phongkhamdaihocypnt.edu.vn\/en\/wp-content\/uploads\/2020\/10\/icon-1-1.png\" title=\"icon-1\" alt=\"icon-1\"><\/p>\n<h4>\n\t\t\t\tComprehensive<\/h4>\n<p>To prevent and manage your multiple physical and emotional health problems of over a period of time in relationship to family, life events and environment.<\/p>\n<p><img decoding=\"async\" src=\"https:\/\/phongkhamdaihocypnt.edu.vn\/en\/wp-content\/uploads\/2020\/10\/icon-3-1.png\" title=\"icon-3\" alt=\"icon-3\"><\/p>\n<h4>\n\t\t\t\tAdvanced<\/h4>\n<p>With our foreign-trained and experienced experts and doctors in different specialties<\/p>\n<p><img decoding=\"async\" src=\"https:\/\/phongkhamdaihocypnt.edu.vn\/en\/wp-content\/uploads\/2020\/10\/icon-2-1.png\" title=\"icon-2\" alt=\"icon-2\"><\/p>\n<h4>\n\t\t\t\tThoughtful<\/h4>\n<p>Always be sympathetic and caring during preventing and managing your multiple physical and emotional health problems.<\/p>\n<h2>\n\t\t\tOur Experts &amp; Doctors<br \/>\nwill help you!<\/h2>\n<p>Doctors<br \/>\n<img decoding=\"async\" src=\"https:\/\/phongkhamdaihocypnt.edu.vn\/en\/wp-content\/uploads\/2020\/10\/Chau-Van-Tro-e1621475437982.jpg\" alt=\"team-image\"><\/p>\n<ul><\/ul>\n<p><a href=\"https:\/\/phongkhamdaihocypnt.edu.vn\/en\/team\/pgs-ts-bs-chau-van-tro\/\"><\/a><\/p>\n<p><a href=\"https:\/\/phongkhamdaihocypnt.edu.vn\/en\/team\/pgs-ts-bs-chau-van-tro\/\"><\/p>\n<h4>\n\t\t\t\t\t\t\t\t\t\t\tChau Van Tro<\/h4>\n<p><\/a><a href=\"https:\/\/phongkhamdaihocypnt.edu.vn\/en\/team\/pgs-ts-bs-chau-van-tro\/\">\t\t\t\t\t\t\t\t\t<\/a><br \/>\nDermatology<br \/>\n<img decoding=\"async\" src=\"https:\/\/phongkhamdaihocypnt.edu.vn\/en\/wp-content\/uploads\/2021\/05\/Pham-Nguyen-Vinh-e1621475298369.jpg\" alt=\"team-image\"><\/p>\n<ul><\/ul>\n<p><a href=\"https:\/\/phongkhamdaihocypnt.edu.vn\/en\/team\/pgs-ts-bs-pham-nguyen-vinh\/\"><\/a><\/p>\n<p><a href=\"https:\/\/phongkhamdaihocypnt.edu.vn\/en\/team\/pgs-ts-bs-pham-nguyen-vinh\/\"><\/p>\n<h4>\n\t\t\t\t\t\t\t\t\t\t\tPham Nguyen Vinh<\/h4>\n<p><\/a><a href=\"https:\/\/phongkhamdaihocypnt.edu.vn\/en\/team\/pgs-ts-bs-pham-nguyen-vinh\/\">\t\t\t\t\t\t\t\t\t<\/a><br \/>\nCardiology<br \/>\n<img decoding=\"async\" src=\"https:\/\/phongkhamdaihocypnt.edu.vn\/en\/wp-content\/uploads\/2021\/05\/Tran-Thi-Mong-Hiep-e1621475687491.jpg\" alt=\"team-image\"><\/p>\n<ul><\/ul>\n<p><a href=\"https:\/\/phongkhamdaihocypnt.edu.vn\/en\/team\/pgs-ts-bs-tran-thi-mong-hiep\/\"><\/a><\/p>\n<p><a href=\"https:\/\/phongkhamdaihocypnt.edu.vn\/en\/team\/pgs-ts-bs-tran-thi-mong-hiep\/\"><\/p>\n<h4>\n\t\t\t\t\t\t\t\t\t\t\tTran Thi Mong Hiep<\/h4>\n<p><\/a><a href=\"https:\/\/phongkhamdaihocypnt.edu.vn\/en\/team\/pgs-ts-bs-tran-thi-mong-hiep\/\">\t\t\t\t\t\t\t\t\t<\/a><br \/>\nPediatric &#8211; Family Medicine<br \/>\n<img decoding=\"async\" src=\"https:\/\/phongkhamdaihocypnt.edu.vn\/en\/wp-content\/uploads\/2021\/05\/Nguyen-Thi-Ngoc-Dung-e1621475926547.jpg\" alt=\"team-image\"><\/p>\n<ul><\/ul>\n<p><a href=\"https:\/\/phongkhamdaihocypnt.edu.vn\/en\/team\/pgs-ts-bs-nguyen-thi-ngoc-dung\/\"><\/a><\/p>\n<p><a href=\"https:\/\/phongkhamdaihocypnt.edu.vn\/en\/team\/pgs-ts-bs-nguyen-thi-ngoc-dung\/\"><\/p>\n<h4>\n\t\t\t\t\t\t\t\t\t\t\tNguyen Thi Ngoc Dung<\/h4>\n<p><\/a><a href=\"https:\/\/phongkhamdaihocypnt.edu.vn\/en\/team\/pgs-ts-bs-nguyen-thi-ngoc-dung\/\">\t\t\t\t\t\t\t\t\t<\/a><br \/>\nEar-Nose-Throat<br \/>\n<img decoding=\"async\" src=\"https:\/\/phongkhamdaihocypnt.edu.vn\/en\/wp-content\/uploads\/2021\/05\/Huynh-Nguyen-Khanh-Trang-e1621476302260.jpg\" alt=\"team-image\"><\/p>\n<ul><\/ul>\n<p><a href=\"https:\/\/phongkhamdaihocypnt.edu.vn\/en\/team\/pgs-ts-bs-huynh-nguyen-khanh-trang\/\"><\/a><\/p>\n<p><a href=\"https:\/\/phongkhamdaihocypnt.edu.vn\/en\/team\/pgs-ts-bs-huynh-nguyen-khanh-trang\/\"><\/p>\n<h4>\n\t\t\t\t\t\t\t\t\t\t\tHuynh Nguyen Khanh Trang<\/h4>\n<p><\/a><a href=\"https:\/\/phongkhamdaihocypnt.edu.vn\/en\/team\/pgs-ts-bs-huynh-nguyen-khanh-trang\/\">\t\t\t\t\t\t\t\t\t<\/a><br \/>\nObstetrics &#8211; Gynecology<br \/>\n<img decoding=\"async\" src=\"https:\/\/phongkhamdaihocypnt.edu.vn\/en\/wp-content\/uploads\/2021\/05\/Phan-Vuong-Huy-Dong-e1621476670732.jpg\" alt=\"team-image\"><\/p>\n<ul><\/ul>\n<p><a href=\"https:\/\/phongkhamdaihocypnt.edu.vn\/en\/team\/bs-ck1-phan-vuong-huy-dong\/\"><\/a><\/p>\n<p><a href=\"https:\/\/phongkhamdaihocypnt.edu.vn\/en\/team\/bs-ck1-phan-vuong-huy-dong\/\"><\/p>\n<h4>\n\t\t\t\t\t\t\t\t\t\t\tPhan Vuong Huy Dong<\/h4>\n<p><\/a><a href=\"https:\/\/phongkhamdaihocypnt.edu.vn\/en\/team\/bs-ck1-phan-vuong-huy-dong\/\">\t\t\t\t\t\t\t\t\t<\/a><br \/>\nTraumatology &#8211; Orthopedics<br \/>\n<img decoding=\"async\" src=\"https:\/\/phongkhamdaihocypnt.edu.vn\/en\/wp-content\/uploads\/2021\/05\/Tran-Thi-Tam-Nhan-e1621477068514.jpg\" alt=\"team-image\"><\/p>\n<ul><\/ul>\n<p><a href=\"https:\/\/phongkhamdaihocypnt.edu.vn\/en\/team\/ths-tran-thi-tam-nhan\/\"><\/a><\/p>\n<p><a href=\"https:\/\/phongkhamdaihocypnt.edu.vn\/en\/team\/ths-tran-thi-tam-nhan\/\"><\/p>\n<h4>\n\t\t\t\t\t\t\t\t\t\t\tThS. Tr\u1ea7n Th\u1ecb T\u00e2m Nh\u00e0n<\/h4>\n<p><\/a><a href=\"https:\/\/phongkhamdaihocypnt.edu.vn\/en\/team\/ths-tran-thi-tam-nhan\/\">\t\t\t\t\t\t\t\t\t<\/a><br \/>\nChuy\u00ean vi\u00ean T\u00e2m l\u00fd<br \/>\n<img decoding=\"async\" src=\"https:\/\/phongkhamdaihocypnt.edu.vn\/en\/wp-content\/uploads\/2021\/05\/Dao-Thi-Vui-e1621573361273.jpg\" alt=\"team-image\"><\/p>\n<ul><\/ul>\n<p><a href=\"https:\/\/phongkhamdaihocypnt.edu.vn\/en\/team\/bs-ck2-dao-thi-vui\/\"><\/a><\/p>\n<p><a href=\"https:\/\/phongkhamdaihocypnt.edu.vn\/en\/team\/bs-ck2-dao-thi-vui\/\"><\/p>\n<h4>\n\t\t\t\t\t\t\t\t\t\t\tDao Thi Vui<\/h4>\n<p><\/a><a href=\"https:\/\/phongkhamdaihocypnt.edu.vn\/en\/team\/bs-ck2-dao-thi-vui\/\">\t\t\t\t\t\t\t\t\t<\/a><br \/>\nEmergency<br \/>\n<img decoding=\"async\" src=\"https:\/\/phongkhamdaihocypnt.edu.vn\/en\/wp-content\/uploads\/2021\/05\/Phan-Thai-Hao-e1621574239173.jpg\" alt=\"team-image\"><\/p>\n<ul><\/ul>\n<p><a href=\"https:\/\/phongkhamdaihocypnt.edu.vn\/en\/team\/ths-bs-ck2-phan-thai-hao\/\"><\/a><\/p>\n<p><a href=\"https:\/\/phongkhamdaihocypnt.edu.vn\/en\/team\/ths-bs-ck2-phan-thai-hao\/\"><\/p>\n<h4>\n\t\t\t\t\t\t\t\t\t\t\tPhan Thai Hao<\/h4>\n<p><\/a><a href=\"https:\/\/phongkhamdaihocypnt.edu.vn\/en\/team\/ths-bs-ck2-phan-thai-hao\/\">\t\t\t\t\t\t\t\t\t<\/a><br \/>\nCardiology<br \/>\n<img decoding=\"async\" src=\"https:\/\/phongkhamdaihocypnt.edu.vn\/en\/wp-content\/uploads\/2021\/05\/Luu-My-Phung-e1621574710993.jpg\" alt=\"team-image\"><\/p>\n<ul><\/ul>\n<p><a href=\"https:\/\/phongkhamdaihocypnt.edu.vn\/en\/team\/ths-bs-luu-my-phung\/\"><\/a><\/p>\n<p><a href=\"https:\/\/phongkhamdaihocypnt.edu.vn\/en\/team\/ths-bs-luu-my-phung\/\"><\/p>\n<h4>\n\t\t\t\t\t\t\t\t\t\t\tLuu My Phung<\/h4>\n<p><\/a><a href=\"https:\/\/phongkhamdaihocypnt.edu.vn\/en\/team\/ths-bs-luu-my-phung\/\">\t\t\t\t\t\t\t\t\t<\/a><br \/>\nDermatology<br \/>\n<img decoding=\"async\" src=\"https:\/\/phongkhamdaihocypnt.edu.vn\/en\/wp-content\/uploads\/2021\/05\/Nguyen-Thuy-Chau-e1621574975765.jpg\" alt=\"team-image\"><\/p>\n<ul><\/ul>\n<p><a href=\"https:\/\/phongkhamdaihocypnt.edu.vn\/en\/team\/ths-bs-nguyen-thuy-chau\/\"><\/a><\/p>\n<p><a href=\"https:\/\/phongkhamdaihocypnt.edu.vn\/en\/team\/ths-bs-nguyen-thuy-chau\/\"><\/p>\n<h4>\n\t\t\t\t\t\t\t\t\t\t\tNguyen Thuy Chau<\/h4>\n<p><\/a><a href=\"https:\/\/phongkhamdaihocypnt.edu.vn\/en\/team\/ths-bs-nguyen-thuy-chau\/\">\t\t\t\t\t\t\t\t\t<\/a><br \/>\nFamily Medicine<br \/>\n<img decoding=\"async\" src=\"https:\/\/phongkhamdaihocypnt.edu.vn\/en\/wp-content\/uploads\/2021\/05\/Tran-Thi-Hoa-Vi-e1621575142477.jpg\" alt=\"team-image\"><\/p>\n<ul><\/ul>\n<p><a href=\"https:\/\/phongkhamdaihocypnt.edu.vn\/en\/team\/ths-bs-tran-thi-hoa-vi-2\/\"><\/a><\/p>\n<p><a href=\"https:\/\/phongkhamdaihocypnt.edu.vn\/en\/team\/ths-bs-tran-thi-hoa-vi-2\/\"><\/p>\n<h4>\n\t\t\t\t\t\t\t\t\t\t\tTran Thi Hoa Vi<\/h4>\n<p><\/a><a href=\"https:\/\/phongkhamdaihocypnt.edu.vn\/en\/team\/ths-bs-tran-thi-hoa-vi-2\/\">\t\t\t\t\t\t\t\t\t<\/a><br \/>\nFamily Medicine<br \/>\n<img decoding=\"async\" src=\"https:\/\/phongkhamdaihocypnt.edu.vn\/en\/wp-content\/uploads\/2021\/05\/Nguyen-Kim-Vu-e1621575517957.png\" alt=\"team-image\"><\/p>\n<ul><\/ul>\n<p><a href=\"https:\/\/phongkhamdaihocypnt.edu.vn\/en\/team\/ths-bs-nguyen-kim-vu\/\"><\/a><\/p>\n<p><a href=\"https:\/\/phongkhamdaihocypnt.edu.vn\/en\/team\/ths-bs-nguyen-kim-vu\/\"><\/p>\n<h4>\n\t\t\t\t\t\t\t\t\t\t\tNguyen Kim Vu<\/h4>\n<p><\/a><a href=\"https:\/\/phongkhamdaihocypnt.edu.vn\/en\/team\/ths-bs-nguyen-kim-vu\/\">\t\t\t\t\t\t\t\t\t<\/a><br \/>\nTraditional Medicine<br \/>\n<img decoding=\"async\" src=\"https:\/\/phongkhamdaihocypnt.edu.vn\/en\/wp-content\/uploads\/2021\/05\/Vo-Thanh-Liem-1-e1621575311103.jpg\" alt=\"team-image\"><\/p>\n<ul><\/ul>\n<p><a href=\"https:\/\/phongkhamdaihocypnt.edu.vn\/en\/team\/ts-bs-vo-thanh-liem\/\"><\/a><\/p>\n<p><a href=\"https:\/\/phongkhamdaihocypnt.edu.vn\/en\/team\/ts-bs-vo-thanh-liem\/\"><\/p>\n<h4>\n\t\t\t\t\t\t\t\t\t\t\tVo Thanh Liem<\/h4>\n<p><\/a><a href=\"https:\/\/phongkhamdaihocypnt.edu.vn\/en\/team\/ts-bs-vo-thanh-liem\/\">\t\t\t\t\t\t\t\t\t<\/a><br \/>\nFamily Medicine<br \/>\n<img decoding=\"async\" src=\"https:\/\/phongkhamdaihocypnt.edu.vn\/en\/wp-content\/uploads\/2021\/05\/Vo-Thi-Bao-Chau-e1621576274255.png\" alt=\"team-image\"><\/p>\n<ul><\/ul>\n<p><a href=\"https:\/\/phongkhamdaihocypnt.edu.vn\/en\/team\/ths-bs-vo-thi-bao-chau\/\"><\/a><\/p>\n<p><a href=\"https:\/\/phongkhamdaihocypnt.edu.vn\/en\/team\/ths-bs-vo-thi-bao-chau\/\"><\/p>\n<h4>\n\t\t\t\t\t\t\t\t\t\t\tThS.BS V\u00f5 Th\u1ecb B\u1ea3o Ch\u00e2u<\/h4>\n<p><\/a><a href=\"https:\/\/phongkhamdaihocypnt.edu.vn\/en\/team\/ths-bs-vo-thi-bao-chau\/\">\t\t\t\t\t\t\t\t\t<\/a><br \/>\nKhoa M\u1eaft<br \/>\n<img decoding=\"async\" src=\"https:\/\/phongkhamdaihocypnt.edu.vn\/en\/wp-content\/uploads\/2021\/05\/Viet-Thi-Minh-Trang-e1621576499211.jpg\" alt=\"team-image\"><\/p>\n<ul><\/ul>\n<p><a href=\"https:\/\/phongkhamdaihocypnt.edu.vn\/en\/team\/ths-bs-viet-thi-minh-trang\/\"><\/a><\/p>\n<p><a href=\"https:\/\/phongkhamdaihocypnt.edu.vn\/en\/team\/ths-bs-viet-thi-minh-trang\/\"><\/p>\n<h4>\n\t\t\t\t\t\t\t\t\t\t\tViet Thi Minh Trang<\/h4>\n<p><\/a><a href=\"https:\/\/phongkhamdaihocypnt.edu.vn\/en\/team\/ths-bs-viet-thi-minh-trang\/\">\t\t\t\t\t\t\t\t\t<\/a><br \/>\nObstetrics \u2013 Gynecology<br \/>\n<img decoding=\"async\" src=\"https:\/\/phongkhamdaihocypnt.edu.vn\/en\/wp-content\/uploads\/2021\/05\/Nguyen-Nam-Ha-e1621575987519.jpg\" alt=\"team-image\"><\/p>\n<ul><\/ul>\n<p><a href=\"https:\/\/phongkhamdaihocypnt.edu.vn\/en\/team\/ts-bs-nguyen-nam-ha\/\"><\/a><\/p>\n<p><a href=\"https:\/\/phongkhamdaihocypnt.edu.vn\/en\/team\/ts-bs-nguyen-nam-ha\/\"><\/p>\n<h4>\n\t\t\t\t\t\t\t\t\t\t\tNguyen Nam Ha<\/h4>\n<p><\/a><a href=\"https:\/\/phongkhamdaihocypnt.edu.vn\/en\/team\/ts-bs-nguyen-nam-ha\/\">\t\t\t\t\t\t\t\t\t<\/a><br \/>\nEar-Nose-Throat<br \/>\n<img decoding=\"async\" src=\"https:\/\/phongkhamdaihocypnt.edu.vn\/en\/wp-content\/uploads\/2021\/05\/trinh-trung-tien-e1621573818849.jpg\" alt=\"team-image\"><\/p>\n<ul><\/ul>\n<p><a href=\"https:\/\/phongkhamdaihocypnt.edu.vn\/en\/team\/bs-ck1-trinh-trung-tien\/\"><\/a><\/p>\n<p><a href=\"https:\/\/phongkhamdaihocypnt.edu.vn\/en\/team\/bs-ck1-trinh-trung-tien\/\"><\/p>\n<h4>\n\t\t\t\t\t\t\t\t\t\t\tTrinh Trung Tien<\/h4>\n<p><\/a><a href=\"https:\/\/phongkhamdaihocypnt.edu.vn\/en\/team\/bs-ck1-trinh-trung-tien\/\">\t\t\t\t\t\t\t\t\t<\/a><br \/>\nGENERAL SURGERY<\/p>\n","protected":false},"excerpt":{"rendered":"<p>Polyclinic of Pham Ngoc Thach University of Medicine your health is our concern Comprehensive To prevent and manage your multiple physical and emotional health problems of over a period of time in relationship to family, life events and environment. Advanced With our foreign-trained and experienced experts and doctors in different specialties Thoughtful Always be sympathetic [&hellip;]<\/p>\n","protected":false},"author":1,"featured_media":0,"parent":0,"menu_order":0,"comment_status":"closed","ping_status":"closed","template":"","meta":{"footnotes":""},"_links":{"self":[{"href":"https:\/\/phongkhamdaihocypnt.edu.vn\/en\/wp-json\/wp\/v2\/pages\/1285"}],"collection":[{"href":"https:\/\/phongkhamdaihocypnt.edu.vn\/en\/wp-json\/wp\/v2\/pages"}],"about":[{"href":"https:\/\/phongkhamdaihocypnt.edu.vn\/en\/wp-json\/wp\/v2\/types\/page"}],"author":[{"embeddable":true,"href":"https:\/\/phongkhamdaihocypnt.edu.vn\/en\/wp-json\/wp\/v2\/users\/1"}],"replies":[{"embeddable":true,"href":"https:\/\/phongkhamdaihocypnt.edu.vn\/en\/wp-json\/wp\/v2\/comments?post=1285"}],"version-history":[{"count":58,"href":"https:\/\/phongkhamdaihocypnt.edu.vn\/en\/wp-json\/wp\/v2\/pages\/1285\/revisions"}],"predecessor-version":[{"id":9496,"href":"https:\/\/phongkhamdaihocypnt.edu.vn\/en\/wp-json\/wp\/v2\/pages\/1285\/revisions\/9496"}],"wp:attachment":[{"href":"https:\/\/phongkhamdaihocypnt.edu.vn\/en\/wp-json\/wp\/v2\/media?parent=1285"}],"curies":[{"name":"wp","href":"https:\/\/api.w.org\/{rel}","templated":true}]}}